{"id":3577,"date":"2021-05-17T17:48:31","date_gmt":"2021-05-17T20:48:31","guid":{"rendered":"http:\/\/107.23.6.187\/?page_id=3577"},"modified":"2021-05-17T17:53:18","modified_gmt":"2021-05-17T20:53:18","slug":"endometriose","status":"publish","type":"page","link":"https:\/\/ellasaude.com.br\/?page_id=3577","title":{"rendered":"Endometriose"},"content":{"rendered":"\t\t<div data-elementor-type=\"wp-page\" data-elementor-id=\"3577\" class=\"elementor elementor-3577\">\n\t\t\t\t\t\t<section class=\"elementor-section elementor-top-section elementor-element elementor-element-10a779c elementor-section-boxed elementor-section-height-default elementor-section-height-default exad-glass-effect-no exad-sticky-section-no\" data-id=\"10a779c\" data-element_type=\"section\" data-e-type=\"section\">\n\t\t\t\t\t\t<div class=\"elementor-container elementor-column-gap-default\">\n\t\t\t\t\t<div class=\"elementor-column elementor-col-50 elementor-top-column elementor-element elementor-element-6a17fca8 exad-glass-effect-no exad-sticky-section-no\" data-id=\"6a17fca8\" data-element_type=\"column\" data-e-type=\"column\" data-settings=\"{&quot;animation&quot;:&quot;none&quot;}\">\n\t\t\t<div class=\"elementor-widget-wrap elementor-element-populated\">\n\t\t\t\t\t\t<div class=\"elementor-element elementor-element-5e0e3275 animated-slow exad-sticky-section-no exad-glass-effect-no elementor-invisible elementor-widget elementor-widget-image\" data-id=\"5e0e3275\" data-element_type=\"widget\" data-e-type=\"widget\" data-settings=\"{&quot;_animation&quot;:&quot;fadeIn&quot;}\" data-widget_type=\"image.default\">\n\t\t\t\t<div class=\"elementor-widget-container\">\n\t\t\t\t\t\t\t\t\t\t\t\t\t\t\t<img fetchpriority=\"high\" decoding=\"async\" width=\"1200\" height=\"800\" src=\"https:\/\/ellasaude.com.br\/wp-content\/uploads\/2021\/04\/x0749040001510568806.jpg.pagespeed.ic_.-EyA1xlbLT.jpg\" class=\"attachment-full size-full wp-image-1470\" alt=\"\" srcset=\"https:\/\/ellasaude.com.br\/wp-content\/uploads\/2021\/04\/x0749040001510568806.jpg.pagespeed.ic_.-EyA1xlbLT.jpg 1200w, https:\/\/ellasaude.com.br\/wp-content\/uploads\/2021\/04\/x0749040001510568806.jpg.pagespeed.ic_.-EyA1xlbLT-300x200.jpg 300w, https:\/\/ellasaude.com.br\/wp-content\/uploads\/2021\/04\/x0749040001510568806.jpg.pagespeed.ic_.-EyA1xlbLT-1024x683.jpg 1024w, https:\/\/ellasaude.com.br\/wp-content\/uploads\/2021\/04\/x0749040001510568806.jpg.pagespeed.ic_.-EyA1xlbLT-768x512.jpg 768w\" sizes=\"(max-width: 1200px) 100vw, 1200px\" \/>\t\t\t\t\t\t\t\t\t\t\t\t\t\t\t<\/div>\n\t\t\t\t<\/div>\n\t\t\t\t<div class=\"elementor-element elementor-element-6bcb7f1c animated-slow exad-sticky-section-no exad-glass-effect-no elementor-invisible elementor-widget elementor-widget-heading\" data-id=\"6bcb7f1c\" data-element_type=\"widget\" data-e-type=\"widget\" data-settings=\"{&quot;_animation&quot;:&quot;slideInUp&quot;,&quot;_animation_mobile&quot;:&quot;fadeIn&quot;}\" data-widget_type=\"heading.default\">\n\t\t\t\t<div class=\"elementor-widget-container\">\n\t\t\t\t\t<h3 class=\"elementor-heading-title elementor-size-default\">Tratamentos<\/h3>\t\t\t\t<\/div>\n\t\t\t\t<\/div>\n\t\t\t\t<div class=\"elementor-element elementor-element-4f9f65d3 animated-slow exad-sticky-section-no exad-glass-effect-no elementor-invisible elementor-widget elementor-widget-heading\" data-id=\"4f9f65d3\" data-element_type=\"widget\" data-e-type=\"widget\" data-settings=\"{&quot;_animation&quot;:&quot;slideInUp&quot;,&quot;_animation_mobile&quot;:&quot;fadeIn&quot;}\" data-widget_type=\"heading.default\">\n\t\t\t\t<div class=\"elementor-widget-container\">\n\t\t\t\t\t<h2 class=\"elementor-heading-title elementor-size-default\">Endometriose<\/h2>\t\t\t\t<\/div>\n\t\t\t\t<\/div>\n\t\t\t\t<div class=\"elementor-element elementor-element-4a6e800 animated-slow elementor-widget-divider--view-line exad-sticky-section-no exad-glass-effect-no elementor-invisible elementor-widget elementor-widget-divider\" data-id=\"4a6e800\" data-element_type=\"widget\" data-e-type=\"widget\" data-settings=\"{&quot;_animation&quot;:&quot;fadeInUp&quot;}\" data-widget_type=\"divider.default\">\n\t\t\t\t<div class=\"elementor-widget-container\">\n\t\t\t\t\t\t\t<div class=\"elementor-divider\">\n\t\t\t<span class=\"elementor-divider-separator\">\n\t\t\t\t\t\t<\/span>\n\t\t<\/div>\n\t\t\t\t\t\t<\/div>\n\t\t\t\t<\/div>\n\t\t\t\t<section class=\"elementor-section elementor-inner-section elementor-element elementor-element-60a509c3 elementor-section-boxed elementor-section-height-default elementor-section-height-default exad-glass-effect-no exad-sticky-section-no\" data-id=\"60a509c3\" data-element_type=\"section\" data-e-type=\"section\">\n\t\t\t\t\t\t<div class=\"elementor-container elementor-column-gap-default\">\n\t\t\t\t\t<div class=\"elementor-column elementor-col-100 elementor-inner-column elementor-element elementor-element-108b857c exad-glass-effect-no exad-sticky-section-no\" data-id=\"108b857c\" data-element_type=\"column\" data-e-type=\"column\">\n\t\t\t<div class=\"elementor-widget-wrap elementor-element-populated\">\n\t\t\t\t\t\t<div class=\"elementor-element elementor-element-dc7930c animated-slow exad-sticky-section-no exad-glass-effect-no elementor-invisible elementor-widget elementor-widget-text-editor\" data-id=\"dc7930c\" data-element_type=\"widget\" data-e-type=\"widget\" data-settings=\"{&quot;_animation&quot;:&quot;slideInUp&quot;,&quot;_animation_mobile&quot;:&quot;fadeIn&quot;}\" data-widget_type=\"text-editor.default\">\n\t\t\t\t<div class=\"elementor-widget-container\">\n\t\t\t\t\t\t\t\t\t<p>Voc\u00ea j\u00e1 deve ter ouvido falar na seguinte frase: \u201ca\u00a0endometriose \u00e9 a doen\u00e7a da mulher moderna\u201d. Seria essa uma heresia assim como aquelas que querem atingir o posicionamento e ascens\u00e3o da mulher na sociedade atual ou teria algum sentido fisiol\u00f3gico por tr\u00e1s dessa percep\u00e7\u00e3o?<\/p><p>Em 100.000 anos de exist\u00eancia do\u00a0homo sapiens,\u00a010.000 anos de hist\u00f3ria da civiliza\u00e7\u00e3o nunca a mulher foi exposta a tantos epis\u00f3dios menstruais como nos \u00faltimos 50 anos a partir do advento da p\u00edlula anticoncepcional.<\/p><p>A capacidade do\u00a0homo sapiens\u00a0do sexo feminino de estar f\u00e9rtil mensalmente na sua evolu\u00e7\u00e3o, fez com que ela fosse privada da exposi\u00e7\u00e3o ao sangue menstrual. Uma vez f\u00e9rtil ela engravidava, desta forma 9 meses da sua exist\u00eancia, a menstrua\u00e7\u00e3o estaria ausente. Logo o rebento nasceria e necessitaria do leite materno e isso anularia por mais alguns meses esta caracter\u00edstica fisiol\u00f3gica do sangramento, e assim que a hemorragia brotasse novamente e com ela a fertilidade, o ciclo voltaria a se repetir.<\/p><p>A mulher moderna menstrua in\u00fameras vezes mais que todas as mulheres da hist\u00f3ria e da exist\u00eancia do\u00a0homo sapiens.<\/p><p>No processo menstrual, ap\u00f3s a queda dos n\u00edveis hormonais dos ciclos isentos de fecundidade, o endom\u00e9trio (epit\u00e9lio que reveste a cavidade uterina) descama; e nele mistura-se algum sangue. Ajudado pelas contra\u00e7\u00f5es uterinas que se tornam mais frequentes nesse per\u00edodo, a mistura \u00e9 expelida para o exterior atrav\u00e9s da cavidade genital. Por\u00e9m na cavidade uterina, esse n\u00e3o \u00e9 o \u00fanico caminho, h\u00e1 ainda outros dois pertuito, os caminhos das tubas uterinas. Esses outros trajetos promovem um gotejamento do sangue, misturado ao endom\u00e9trio, para o interior da cavidade abdominal.<\/p><p>O sangue, uma mistura de c\u00e9lulas, ferro e oxig\u00eanio causa um desbalan\u00e7o dessa cavidade chamado \u201cstress oxidativo\u201d, aquele vil\u00e3o que \u00e9 muito utilizado atualmente como justificativa para a venda de vitaminas. Sim, elas s\u00e3o antioxidantes, mas com a\u00e7\u00e3o limitada e n\u00e3o conseguem combater sozinhas, mesmo em altas doses, um processo como esse.<\/p><p>Mas n\u00e3o se esque\u00e7am daquele outro componente, as c\u00e9lulas endometriais! Essas sorrateiramente aproveitam desse desbalan\u00e7o bioqu\u00edmico e imunol\u00f3gico e rompem o tecido que reveste internamente a cavidade abdominal chamado peritoneo. Ap\u00f3s a rotura, implantam-se, reproduzem-se, promovendo condi\u00e7\u00f5es adequadas para sua pr\u00f3pria nutri\u00e7\u00e3o e sobreviv\u00eancia atrav\u00e9s de novos vasos sangu\u00edneos at\u00e9 definitivamente se instalarem nesse novo ambiente.<\/p><p>Esse novo \u201cser\u201d implantado dentro da barriga feminina pode continuar a crescer e infiltrar mais profundamente os tecidos, causar obstru\u00e7\u00f5es, ader\u00eancias entre as estruturas, endurecer a superf\u00edcie dos ov\u00e1rios ou simplesmente inflamar promovendo dor, aquela que mensalmente \u201cgrita\u201d ao lembrar o advento do seu surgimento, a menstrua\u00e7\u00e3o.<\/p><p>Bom, essa \u00e9 a hist\u00f3ria da endometriose, ela surge da elevada exposi\u00e7\u00e3o do abdome da mulher moderna ao sangue menstrual, podendo causar:<\/p><ul><li>dor p\u00e9lvica e\/ou<\/li><li>c\u00f3licas menstruais e\/ou<\/li><li>dor durante as rela\u00e7\u00f5es menstruais e\/ou\u00a0<\/li><li>altera\u00e7\u00f5es urinarias e intestinais durante a menstrua\u00e7\u00e3o<\/li><\/ul><p>No entanto, se a mulher n\u00e3o tem nenhum destes sintomas, mas apresenta infertilidade, a endometriose deve ser investigada.<\/p><p>Apesar de estar presente em aproximadamente 25% das mulheres com dificuldade de engravidar, a endometriose \u00e9 subdiagnosticada. Para se fazer o diagn\u00f3stico, inicialmente precisa-se conhecer bem a doen\u00e7a, realizar um bom exame ginecol\u00f3gico (muitas vezes pelo toque vaginal j\u00e1 \u00e9 poss\u00edvel desconfiar da endometriose) e, principalmente, pedir o exame correto realizado por um profissional qualificado que \u00e9 o ultrassom transvaginal com preparo intestinal.<\/p><p>O tratamento da endometriose pode ser cl\u00ednico ou cir\u00fargico a depender da extens\u00e3o e localiza\u00e7\u00e3o das les\u00f5es, bem como da finalidade do tratamento. Nas mulheres com endometriose e infertilidade o tratamento de escolha \u00e9 o cir\u00fargico ou a utiliza\u00e7\u00e3o de t\u00e9cnicas de reprodu\u00e7\u00e3o assistida.<\/p><p>A cirurgia habitualmente \u00e9 realizada por laparoscopia e normalmente multidisciplinar, j\u00e1 que a doen\u00e7a pode n\u00e3o s\u00f3 acometer os \u00f3rg\u00e3os ginecol\u00f3gicos, como \u00fatero e ov\u00e1rio, mas \u00f3rg\u00e3os adjacentes, como bexiga, ureter e intestino.\u00a0<\/p>\t\t\t\t\t\t\t\t<\/div>\n\t\t\t\t<\/div>\n\t\t\t\t\t<\/div>\n\t\t<\/div>\n\t\t\t\t\t<\/div>\n\t\t<\/section>\n\t\t\t\t\t<\/div>\n\t\t<\/div>\n\t\t\t\t<div class=\"elementor-column elementor-col-50 elementor-top-column elementor-element elementor-element-2add52b exad-glass-effect-no exad-sticky-section-no\" data-id=\"2add52b\" data-element_type=\"column\" data-e-type=\"column\">\n\t\t\t<div class=\"elementor-widget-wrap elementor-element-populated\">\n\t\t\t\t\t\t<div class=\"elementor-element elementor-element-4d8e953 exad-sticky-section-no exad-glass-effect-no elementor-widget elementor-widget-sidebar\" data-id=\"4d8e953\" data-element_type=\"widget\" data-e-type=\"widget\" data-widget_type=\"sidebar.default\">\n\t\t\t\t<div class=\"elementor-widget-container\">\n\t\t\t\t\t<div id=\"search-2\" class=\"sidebar-box widget_search clr\">\n<form aria-label=\"Pesquisar neste site\" role=\"search\" method=\"get\" class=\"searchform\" action=\"https:\/\/ellasaude.com.br\/\">\t\n\t<input aria-label=\"Inserir consulta de pesquisa\" type=\"search\" id=\"ocean-search-form-1\" class=\"field\" autocomplete=\"off\" placeholder=\"Pesquisar\" name=\"s\">\n\t\t<\/form>\n<\/div>\n\t\t<div id=\"recent-posts-2\" class=\"sidebar-box widget_recent_entries clr\">\n\t\t<h4 class=\"widget-title\">Posts recentes<\/h4>\n\t\t<ul>\n\t\t\t\t\t\t\t\t\t\t\t<li>\n\t\t\t\t\t<a href=\"https:\/\/ellasaude.com.br\/?p=8139\">Maternidade adiada?<\/a>\n\t\t\t\t\t\t\t\t\t<\/li>\n\t\t\t\t\t\t\t\t\t\t\t<li>\n\t\t\t\t\t<a href=\"https:\/\/ellasaude.com.br\/?p=8136\">Vencendo a Dor Vaginal na Menopausa: Dicas para um Al\u00edvio Eficaz<\/a>\n\t\t\t\t\t\t\t\t\t<\/li>\n\t\t\t\t\t\t\t\t\t\t\t<li>\n\t\t\t\t\t<a href=\"https:\/\/ellasaude.com.br\/?p=8132\">Menopausa: Desvendando os Mist\u00e9rios dessa Nova Fase da Vida<\/a>\n\t\t\t\t\t\t\t\t\t<\/li>\n\t\t\t\t\t\t\t\t\t\t\t<li>\n\t\t\t\t\t<a href=\"https:\/\/ellasaude.com.br\/?p=8064\">Empresas brasileiras oferecem congelamento de \u00f3vulos como benef\u00edcio para suas funcion\u00e1rias<\/a>\n\t\t\t\t\t\t\t\t\t<\/li>\n\t\t\t\t\t\t\t\t\t\t\t<li>\n\t\t\t\t\t<a href=\"https:\/\/ellasaude.com.br\/?p=7789\">Os Perigos da Dengue Durante a Gravidez<\/a>\n\t\t\t\t\t\t\t\t\t<\/li>\n\t\t\t\t\t<\/ul>\n\n\t\t<\/div><div id=\"ocean_custom_menu-2\" class=\"sidebar-box widget-oceanwp-custom-menu custom-menu-widget clr\"><h4 class=\"widget-title\">Sa\u00fade Feminina<\/h4><div class=\"oceanwp-custom-menu clr ocean_custom_menu-2 left dropdown-hover\"><ul id=\"menu-saude-feminina\" class=\"dropdown-menu sf-menu\"><li  id=\"menu-item-4830\" class=\"menu-item menu-item-type-post_type menu-item-object-page menu-item-4830\"><a href=\"https:\/\/ellasaude.com.br\/?page_id=3676\" class=\"menu-link\">Pr\u00e9-natal<\/a><\/li>\n<li  id=\"menu-item-2122\" class=\"menu-item menu-item-type-post_type menu-item-object-page menu-item-2122\"><a href=\"https:\/\/ellasaude.com.br\/?page_id=1770\" class=\"menu-link\">Sa\u00fade da mulher<\/a><\/li>\n<li  id=\"menu-item-2124\" class=\"menu-item menu-item-type-post_type menu-item-object-page menu-item-2124\"><a href=\"https:\/\/ellasaude.com.br\/?page_id=1415\" class=\"menu-link\">Tratamentos<\/a><\/li>\n<li  id=\"menu-item-2121\" class=\"menu-item menu-item-type-post_type menu-item-object-page menu-item-2121\"><a href=\"https:\/\/ellasaude.com.br\/?page_id=1952\" class=\"menu-link\">Centro diagn\u00f3stico<\/a><\/li>\n<\/ul><\/div><\/div>\t\t\t\t<\/div>\n\t\t\t\t<\/div>\n\t\t\t\t\t<\/div>\n\t\t<\/div>\n\t\t\t\t\t<\/div>\n\t\t<\/section>\n\t\t\t\t<section class=\"elementor-section elementor-top-section elementor-element elementor-element-58c4af81 elementor-section-boxed elementor-section-height-default elementor-section-height-default exad-glass-effect-no exad-sticky-section-no elementor-invisible\" data-id=\"58c4af81\" data-element_type=\"section\" data-e-type=\"section\" data-settings=\"{&quot;background_background&quot;:&quot;classic&quot;,&quot;animation&quot;:&quot;fadeIn&quot;}\">\n\t\t\t\t\t\t<div class=\"elementor-container elementor-column-gap-default\">\n\t\t\t\t\t\t<\/div>\n\t\t<\/section>\n\t\t\t\t<\/div>\n\t\t","protected":false},"excerpt":{"rendered":"<p>Tratamentos Endometriose Voc\u00ea j\u00e1 deve ter ouvido falar na seguinte frase: \u201ca\u00a0endometriose \u00e9 a doen\u00e7a da mulher moderna\u201d. Seria essa uma heresia assim como aquelas que querem atingir o posicionamento e ascens\u00e3o da mulher na sociedade atual ou teria algum sentido fisiol\u00f3gico por tr\u00e1s dessa percep\u00e7\u00e3o? Em 100.000 anos de exist\u00eancia do\u00a0homo sapiens,\u00a010.000 anos de [&hellip;]<\/p>\n","protected":false},"author":8,"featured_media":0,"parent":0,"menu_order":0,"comment_status":"closed","ping_status":"closed","template":"elementor_header_footer","meta":{"ocean_post_layout":"","ocean_both_sidebars_style":"","ocean_both_sidebars_content_width":0,"ocean_both_sidebars_sidebars_width":0,"ocean_sidebar":"0","ocean_second_sidebar":"0","ocean_disable_margins":"enable","ocean_add_body_class":"","ocean_shortcode_before_top_bar":"","ocean_shortcode_after_top_bar":"","ocean_shortcode_before_header":"","ocean_shortcode_after_header":"","ocean_has_shortcode":"","ocean_shortcode_after_title":"","ocean_shortcode_before_footer_widgets":"","ocean_shortcode_after_footer_widgets":"","ocean_shortcode_before_footer_bottom":"","ocean_shortcode_after_footer_bottom":"","ocean_display_top_bar":"default","ocean_display_header":"default","ocean_header_style":"","ocean_center_header_left_menu":"0","ocean_custom_header_template":"0","ocean_custom_logo":0,"ocean_custom_retina_logo":0,"ocean_custom_logo_max_width":0,"ocean_custom_logo_tablet_max_width":0,"ocean_custom_logo_mobile_max_width":0,"ocean_custom_logo_max_height":0,"ocean_custom_logo_tablet_max_height":0,"ocean_custom_logo_mobile_max_height":0,"ocean_header_custom_menu":"0","ocean_menu_typo_font_family":"0","ocean_menu_typo_font_subset":"","ocean_menu_typo_font_size":0,"ocean_menu_typo_font_size_tablet":0,"ocean_menu_typo_font_size_mobile":0,"ocean_menu_typo_font_size_unit":"px","ocean_menu_typo_font_weight":"","ocean_menu_typo_font_weight_tablet":"","ocean_menu_typo_font_weight_mobile":"","ocean_menu_typo_transform":"","ocean_menu_typo_transform_tablet":"","ocean_menu_typo_transform_mobile":"","ocean_menu_typo_line_height":0,"ocean_menu_typo_line_height_tablet":0,"ocean_menu_typo_line_height_mobile":0,"ocean_menu_typo_line_height_unit":"","ocean_menu_typo_spacing":0,"ocean_menu_typo_spacing_tablet":0,"ocean_menu_typo_spacing_mobile":0,"ocean_menu_typo_spacing_unit":"","ocean_menu_link_color":"","ocean_menu_link_color_hover":"","ocean_menu_link_color_active":"","ocean_menu_link_background":"","ocean_menu_link_hover_background":"","ocean_menu_link_active_background":"","ocean_menu_social_links_bg":"","ocean_menu_social_hover_links_bg":"","ocean_menu_social_links_color":"","ocean_menu_social_hover_links_color":"","ocean_disable_title":"default","ocean_disable_heading":"default","ocean_post_title":"","ocean_post_subheading":"","ocean_post_title_style":"","ocean_post_title_background_color":"","ocean_post_title_background":0,"ocean_post_title_bg_image_position":"","ocean_post_title_bg_image_attachment":"","ocean_post_title_bg_image_repeat":"","ocean_post_title_bg_image_size":"","ocean_post_title_height":0,"ocean_post_title_bg_overlay":0.5,"ocean_post_title_bg_overlay_color":"","ocean_disable_breadcrumbs":"default","ocean_breadcrumbs_color":"","ocean_breadcrumbs_separator_color":"","ocean_breadcrumbs_links_color":"","ocean_breadcrumbs_links_hover_color":"","ocean_display_footer_widgets":"default","ocean_display_footer_bottom":"default","ocean_custom_footer_template":"0","_joinchat":[],"footnotes":""},"class_list":["post-3577","page","type-page","status-publish","hentry","entry"],"_links":{"self":[{"href":"https:\/\/ellasaude.com.br\/index.php?rest_route=\/wp\/v2\/pages\/3577","targetHints":{"allow":["GET"]}}],"collection":[{"href":"https:\/\/ellasaude.com.br\/index.php?rest_route=\/wp\/v2\/pages"}],"about":[{"href":"https:\/\/ellasaude.com.br\/index.php?rest_route=\/wp\/v2\/types\/page"}],"author":[{"embeddable":true,"href":"https:\/\/ellasaude.com.br\/index.php?rest_route=\/wp\/v2\/users\/8"}],"replies":[{"embeddable":true,"href":"https:\/\/ellasaude.com.br\/index.php?rest_route=%2Fwp%2Fv2%2Fcomments&post=3577"}],"version-history":[{"count":0,"href":"https:\/\/ellasaude.com.br\/index.php?rest_route=\/wp\/v2\/pages\/3577\/revisions"}],"wp:attachment":[{"href":"https:\/\/ellasaude.com.br\/index.php?rest_route=%2Fwp%2Fv2%2Fmedia&parent=3577"}],"curies":[{"name":"wp","href":"https:\/\/api.w.org\/{rel}","templated":true}]}}