{"id":3566,"date":"2021-05-17T17:45:22","date_gmt":"2021-05-17T20:45:22","guid":{"rendered":"http:\/\/107.23.6.187\/?page_id=3566"},"modified":"2021-05-17T17:47:53","modified_gmt":"2021-05-17T20:47:53","slug":"abortos-de-repeticao","status":"publish","type":"page","link":"https:\/\/ellasaude.com.br\/?page_id=3566","title":{"rendered":"Abortos de repeti\u00e7\u00e3o"},"content":{"rendered":"\t\t<div data-elementor-type=\"wp-page\" data-elementor-id=\"3566\" class=\"elementor elementor-3566\">\n\t\t\t\t\t\t<section class=\"elementor-section elementor-top-section elementor-element elementor-element-10a779c elementor-section-boxed elementor-section-height-default elementor-section-height-default exad-glass-effect-no exad-sticky-section-no\" data-id=\"10a779c\" data-element_type=\"section\" data-e-type=\"section\">\n\t\t\t\t\t\t<div class=\"elementor-container elementor-column-gap-default\">\n\t\t\t\t\t<div class=\"elementor-column elementor-col-50 elementor-top-column elementor-element elementor-element-6a17fca8 exad-glass-effect-no exad-sticky-section-no\" data-id=\"6a17fca8\" data-element_type=\"column\" data-e-type=\"column\" data-settings=\"{&quot;animation&quot;:&quot;none&quot;}\">\n\t\t\t<div class=\"elementor-widget-wrap elementor-element-populated\">\n\t\t\t\t\t\t<div class=\"elementor-element elementor-element-5e0e3275 animated-slow exad-sticky-section-no exad-glass-effect-no elementor-invisible elementor-widget elementor-widget-image\" data-id=\"5e0e3275\" data-element_type=\"widget\" data-e-type=\"widget\" data-settings=\"{&quot;_animation&quot;:&quot;fadeIn&quot;}\" data-widget_type=\"image.default\">\n\t\t\t\t<div class=\"elementor-widget-container\">\n\t\t\t\t\t\t\t\t\t\t\t\t\t\t\t<img fetchpriority=\"high\" decoding=\"async\" width=\"1200\" height=\"800\" src=\"https:\/\/ellasaude.com.br\/wp-content\/uploads\/2021\/04\/x0914720001510568672.jpg.pagespeed.ic_.1g1qvR-cPz.jpg\" class=\"attachment-full size-full wp-image-1460\" alt=\"\" srcset=\"https:\/\/ellasaude.com.br\/wp-content\/uploads\/2021\/04\/x0914720001510568672.jpg.pagespeed.ic_.1g1qvR-cPz.jpg.webp 1200w, https:\/\/ellasaude.com.br\/wp-content\/uploads\/2021\/04\/x0914720001510568672.jpg.pagespeed.ic_.1g1qvR-cPz-300x200.jpg.webp 300w, https:\/\/ellasaude.com.br\/wp-content\/uploads\/2021\/04\/x0914720001510568672.jpg.pagespeed.ic_.1g1qvR-cPz-1024x683.jpg.webp 1024w, https:\/\/ellasaude.com.br\/wp-content\/uploads\/2021\/04\/x0914720001510568672.jpg.pagespeed.ic_.1g1qvR-cPz-768x512.jpg.webp 768w\" sizes=\"(max-width: 1200px) 100vw, 1200px\" \/>\t\t\t\t\t\t\t\t\t\t\t\t\t\t\t<\/div>\n\t\t\t\t<\/div>\n\t\t\t\t<div class=\"elementor-element elementor-element-6bcb7f1c animated-slow exad-sticky-section-no exad-glass-effect-no elementor-invisible elementor-widget elementor-widget-heading\" data-id=\"6bcb7f1c\" data-element_type=\"widget\" data-e-type=\"widget\" data-settings=\"{&quot;_animation&quot;:&quot;slideInUp&quot;,&quot;_animation_mobile&quot;:&quot;fadeIn&quot;}\" data-widget_type=\"heading.default\">\n\t\t\t\t<div class=\"elementor-widget-container\">\n\t\t\t\t\t<h3 class=\"elementor-heading-title elementor-size-default\">Tratamentos<\/h3>\t\t\t\t<\/div>\n\t\t\t\t<\/div>\n\t\t\t\t<div class=\"elementor-element elementor-element-4f9f65d3 animated-slow exad-sticky-section-no exad-glass-effect-no elementor-invisible elementor-widget elementor-widget-heading\" data-id=\"4f9f65d3\" data-element_type=\"widget\" data-e-type=\"widget\" data-settings=\"{&quot;_animation&quot;:&quot;slideInUp&quot;,&quot;_animation_mobile&quot;:&quot;fadeIn&quot;}\" data-widget_type=\"heading.default\">\n\t\t\t\t<div class=\"elementor-widget-container\">\n\t\t\t\t\t<h2 class=\"elementor-heading-title elementor-size-default\">Abortos de repeti\u00e7\u00e3o<\/h2>\t\t\t\t<\/div>\n\t\t\t\t<\/div>\n\t\t\t\t<div class=\"elementor-element elementor-element-4a6e800 animated-slow elementor-widget-divider--view-line exad-sticky-section-no exad-glass-effect-no elementor-invisible elementor-widget elementor-widget-divider\" data-id=\"4a6e800\" data-element_type=\"widget\" data-e-type=\"widget\" data-settings=\"{&quot;_animation&quot;:&quot;fadeInUp&quot;}\" data-widget_type=\"divider.default\">\n\t\t\t\t<div class=\"elementor-widget-container\">\n\t\t\t\t\t\t\t<div class=\"elementor-divider\">\n\t\t\t<span class=\"elementor-divider-separator\">\n\t\t\t\t\t\t<\/span>\n\t\t<\/div>\n\t\t\t\t\t\t<\/div>\n\t\t\t\t<\/div>\n\t\t\t\t<section class=\"elementor-section elementor-inner-section elementor-element elementor-element-60a509c3 elementor-section-boxed elementor-section-height-default elementor-section-height-default exad-glass-effect-no exad-sticky-section-no\" data-id=\"60a509c3\" data-element_type=\"section\" data-e-type=\"section\">\n\t\t\t\t\t\t<div class=\"elementor-container elementor-column-gap-default\">\n\t\t\t\t\t<div class=\"elementor-column elementor-col-100 elementor-inner-column elementor-element elementor-element-108b857c exad-glass-effect-no exad-sticky-section-no\" data-id=\"108b857c\" data-element_type=\"column\" data-e-type=\"column\">\n\t\t\t<div class=\"elementor-widget-wrap elementor-element-populated\">\n\t\t\t\t\t\t<div class=\"elementor-element elementor-element-dc7930c animated-slow exad-sticky-section-no exad-glass-effect-no elementor-invisible elementor-widget elementor-widget-text-editor\" data-id=\"dc7930c\" data-element_type=\"widget\" data-e-type=\"widget\" data-settings=\"{&quot;_animation&quot;:&quot;slideInUp&quot;,&quot;_animation_mobile&quot;:&quot;fadeIn&quot;}\" data-widget_type=\"text-editor.default\">\n\t\t\t\t<div class=\"elementor-widget-container\">\n\t\t\t\t\t\t\t\t\t<p>Embora 25% de todas as gesta\u00e7\u00f5es evoluam para abortamento, somente 5% das mulheres ter\u00e3o dois abortos, e somente 1% sofrer\u00e3o tr\u00eas ou mais perdas gestacionais.<\/p><p>Casais que possuem abortamentos recorrentes (mais der dois abortos segundo a Sociedade Americana de Medicina Reprodutiva) devem ser submetidos a uma investiga\u00e7\u00e3o detalhada por um especialista.<\/p><p>Dentre os fatores que podem causar perdas gestacionais de repeti\u00e7\u00e3o destacam-se:<\/p><p><strong>Altera\u00e7\u00f5es cromoss\u00f4micas<\/strong><\/p><p>Aproximadamente 60% de todos os abortos s\u00e3o causados por altera\u00e7\u00f5es cromoss\u00f4micas, que podem acontecer ao acaso, por erros na divis\u00e3o celular, ou herdadas dos pais.<br \/>Para investiga\u00e7\u00e3o deste fator, solicita-se um cari\u00f3tipo dos pais (para avaliar se h\u00e1 quebras, trocas ou apagamentos de parte dos cromossomos) e o cari\u00f3tipo do material do abortamento (para avaliar os cromossomos do feto que n\u00e3o evoluiu).<\/p><p>O material para an\u00e1lise \u00e9 obtido normalmente por meio de aspira\u00e7\u00e3o intrauterina (AMIU) ou curetagem propriamente dita. A an\u00e1lise pode ser feita atrav\u00e9s do cari\u00f3tipo fetal (an\u00e1lise dos cromossomos) obtido por cultura celular dos restos embrion\u00e1rios ou por estudo direto dos restos fetais, sem a necessidade de cultivo com Next-Generation Sequencing (NGS).<\/p><p>A taxa de fracasso (n\u00e3o crescimento) no cultivo celular para obten\u00e7\u00e3o do cari\u00f3tipo fetal \u00e9 de at\u00e9 42% devido \u00e0 deteriora\u00e7\u00e3o do tecido em cultura , de modo que, nestes casos, n\u00e3o \u00e9 poss\u00edvel obter resultados. Por esta raz\u00e3o, nos \u00faltimos anos, as t\u00e9cnicas de biologia molecular desenvolvidas permitem realizar uma extra\u00e7\u00e3o direta de DNA a partir de tecido sem cultivar, e a partir deste DNA, podemos analisar os cromossomos deste tecido, al\u00e9m de descartar poss\u00edvel contamina\u00e7\u00e3o do sangue materno nos casos que o resultado \u00e9 de um feto feminino normal.<\/p><p><strong>Idade<\/strong><\/p><p>A chance de abortos aumenta com a idade da mulher devido \u00e0 diminui\u00e7\u00e3o da qualidade dos \u00f3vulos e, consequentemente, menor efici\u00eancia da divis\u00e3o celular.<br \/>Aproximadamente 1\/3 de todas as gesta\u00e7\u00f5es em mulheres com mais de 40 anos terminam em abortamentos.<br \/>Uma forma de se evitar estas perdas \u00e9 o estudo pr\u00e9-implantacional do embri\u00e3o atrav\u00e9s de sua bi\u00f3psia antes de coloc\u00e1-lo no \u00fatero. Esta t\u00e9cnica somente \u00e9 poss\u00edvel pelo tratamento de Fertiliza\u00e7\u00e3o \u201cin vitro\u201d.<\/p><p><strong>Trombofilia<\/strong><\/p><p>Condi\u00e7\u00e3o em que a mulher possui fatores que predisp\u00f5em a ocorr\u00eancia de trombose (forma\u00e7\u00e3o de co\u00e1gulos). A identifica\u00e7\u00e3o destes fatores \u00e9 realizada atrav\u00e9s de exames de sangue (muta\u00e7\u00e3o fator V de Leiden, Muta\u00e7\u00e3o pr\u00f3-trombina, antitrombina III, homociste\u00edna, prote\u00edna s livre, prote\u00edna C funcional).<br \/>A paciente portadora desta condi\u00e7\u00e3o pode se beneficiar com o uso de aspirina e anticoagulantes.<\/p><p><strong>S\u00edndrome do Anticorpo antifosfol\u00edpede<\/strong><\/p><p>\u00c9 caracterizada pela presen\u00e7a de anticorpos espec\u00edficos (anticorpo anticardiolipina, anticoagulante lupico e beta2 glicoprote\u00edna) , que junto com algumas caracter\u00edsticas clinicas , fazem o diagnostico desta s\u00edndrome, que pode causar perdas gestacionais de repeti\u00e7\u00e3o, al\u00e9m de complica\u00e7\u00f5es durante a gravidez como: restri\u00e7\u00e3o do crescimento do beb\u00ea e trabalho de parto prematuro.<br \/>Pacientes portadoras da s\u00edndrome do anticorpo antifosfol\u00edpede se beneficiam do uso de aspirina e anticoagulantes durante a gesta\u00e7\u00e3o.<\/p><p><strong>Altera\u00e7\u00f5es do \u00fatero<\/strong><\/p><p>Malforma\u00e7\u00f5es uterinas, p\u00f3lipos, miomas e sin\u00e9quias podem ser estar relacionados a abortos de repeti\u00e7\u00e3o. A avalia\u00e7\u00e3o uterina minuciosa faz-se sempre necess\u00e1ria nestes casos. Os exames habitualmente solicitados s\u00e3o: histerossonografia ou histeroscopia e ultrassom tridimensional ou resson\u00e2ncia magn\u00e9tica da pelve.<\/p><p><strong>Fator masculino<\/strong><\/p><p>Alguns estudos demonstram que a maior fragmenta\u00e7\u00e3o do DNA do espermatozoide pode estar relacionada a abortos de repeti\u00e7\u00e3o, no entanto, mais estudos s\u00e3o necess\u00e1rios para confirmar este achado.<br \/>A fragmenta\u00e7\u00e3o do DNA esperm\u00e1tico \u00e9 avaliada no s\u00eamen que deve ser colhido como na avalia\u00e7\u00e3o do espermograma, ou seja, por masturba\u00e7\u00e3o.<\/p><p><strong>Abortos inexplic\u00e1veis<\/strong><\/p><p>Infelizmente nenhuma explica\u00e7\u00e3o \u00e9 encontrada em aproximadamente 50 a 75% dos abortamentos recorrentes. Nestes casos, vale ressaltar os in\u00fameros estudos que v\u00eam sido realizados para beneficiar os pacientes que apresentam este quadro.<\/p><p>Dentre as pesquisas realizadas, destacam-se as do campo imunol\u00f3gico, principalmente no que se refere as c\u00e9lulas NK uterinas e perif\u00e9ricas que s\u00e3o linf\u00f3citos (tipo de c\u00e9lula branca) com receptor CD56 presentes. Seu aumento, tanto no sangue como no \u00fatero, tem sido relacionado \u00e0 falha de implanta\u00e7\u00e3o e aborto de repeti\u00e7\u00e3o. Quando aumentados, como tratamento, podem ser utilizados corticosteroides (como prednisona) e Intralipidio ou Imunoglobulina, entretanto, h\u00e1 de se esclarecer os pacientes de que estes tratamentos s\u00e3o controversos e ainda n\u00e3o h\u00e1 consenso na literatura se realmente reduzem as taxas de abortamento de repeti\u00e7\u00e3o.<\/p>\t\t\t\t\t\t\t\t<\/div>\n\t\t\t\t<\/div>\n\t\t\t\t\t<\/div>\n\t\t<\/div>\n\t\t\t\t\t<\/div>\n\t\t<\/section>\n\t\t\t\t\t<\/div>\n\t\t<\/div>\n\t\t\t\t<div class=\"elementor-column elementor-col-50 elementor-top-column elementor-element elementor-element-2add52b exad-glass-effect-no exad-sticky-section-no\" data-id=\"2add52b\" data-element_type=\"column\" data-e-type=\"column\">\n\t\t\t<div class=\"elementor-widget-wrap elementor-element-populated\">\n\t\t\t\t\t\t<div class=\"elementor-element elementor-element-4d8e953 exad-sticky-section-no exad-glass-effect-no elementor-widget elementor-widget-sidebar\" data-id=\"4d8e953\" data-element_type=\"widget\" data-e-type=\"widget\" data-widget_type=\"sidebar.default\">\n\t\t\t\t<div class=\"elementor-widget-container\">\n\t\t\t\t\t<div id=\"search-2\" class=\"sidebar-box widget_search clr\">\n<form aria-label=\"Pesquisar neste site\" role=\"search\" method=\"get\" class=\"searchform\" action=\"https:\/\/ellasaude.com.br\/\">\t\n\t<input aria-label=\"Inserir consulta de pesquisa\" type=\"search\" id=\"ocean-search-form-1\" class=\"field\" autocomplete=\"off\" placeholder=\"Pesquisar\" name=\"s\">\n\t\t<\/form>\n<\/div>\n\t\t<div id=\"recent-posts-2\" class=\"sidebar-box widget_recent_entries clr\">\n\t\t<h4 class=\"widget-title\">Posts recentes<\/h4>\n\t\t<ul>\n\t\t\t\t\t\t\t\t\t\t\t<li>\n\t\t\t\t\t<a href=\"https:\/\/ellasaude.com.br\/?p=8139\">Maternidade adiada?<\/a>\n\t\t\t\t\t\t\t\t\t<\/li>\n\t\t\t\t\t\t\t\t\t\t\t<li>\n\t\t\t\t\t<a href=\"https:\/\/ellasaude.com.br\/?p=8136\">Vencendo a Dor Vaginal na Menopausa: Dicas para um Al\u00edvio Eficaz<\/a>\n\t\t\t\t\t\t\t\t\t<\/li>\n\t\t\t\t\t\t\t\t\t\t\t<li>\n\t\t\t\t\t<a href=\"https:\/\/ellasaude.com.br\/?p=8132\">Menopausa: Desvendando os Mist\u00e9rios dessa Nova Fase da Vida<\/a>\n\t\t\t\t\t\t\t\t\t<\/li>\n\t\t\t\t\t\t\t\t\t\t\t<li>\n\t\t\t\t\t<a href=\"https:\/\/ellasaude.com.br\/?p=8064\">Empresas brasileiras oferecem congelamento de \u00f3vulos como benef\u00edcio para suas funcion\u00e1rias<\/a>\n\t\t\t\t\t\t\t\t\t<\/li>\n\t\t\t\t\t\t\t\t\t\t\t<li>\n\t\t\t\t\t<a href=\"https:\/\/ellasaude.com.br\/?p=7789\">Os Perigos da Dengue Durante a Gravidez<\/a>\n\t\t\t\t\t\t\t\t\t<\/li>\n\t\t\t\t\t<\/ul>\n\n\t\t<\/div><div id=\"ocean_custom_menu-2\" class=\"sidebar-box widget-oceanwp-custom-menu custom-menu-widget clr\"><h4 class=\"widget-title\">Sa\u00fade Feminina<\/h4><div class=\"oceanwp-custom-menu clr ocean_custom_menu-2 left dropdown-hover\"><ul id=\"menu-saude-feminina\" class=\"dropdown-menu sf-menu\"><li  id=\"menu-item-4830\" class=\"menu-item menu-item-type-post_type menu-item-object-page menu-item-4830\"><a href=\"https:\/\/ellasaude.com.br\/?page_id=3676\" class=\"menu-link\">Pr\u00e9-natal<\/a><\/li>\n<li  id=\"menu-item-2122\" class=\"menu-item menu-item-type-post_type menu-item-object-page menu-item-2122\"><a href=\"https:\/\/ellasaude.com.br\/?page_id=1770\" class=\"menu-link\">Sa\u00fade da mulher<\/a><\/li>\n<li  id=\"menu-item-2124\" class=\"menu-item menu-item-type-post_type menu-item-object-page menu-item-2124\"><a href=\"https:\/\/ellasaude.com.br\/?page_id=1415\" class=\"menu-link\">Tratamentos<\/a><\/li>\n<li  id=\"menu-item-2121\" class=\"menu-item menu-item-type-post_type menu-item-object-page menu-item-2121\"><a href=\"https:\/\/ellasaude.com.br\/?page_id=1952\" class=\"menu-link\">Centro diagn\u00f3stico<\/a><\/li>\n<\/ul><\/div><\/div>\t\t\t\t<\/div>\n\t\t\t\t<\/div>\n\t\t\t\t\t<\/div>\n\t\t<\/div>\n\t\t\t\t\t<\/div>\n\t\t<\/section>\n\t\t\t\t<section class=\"elementor-section elementor-top-section elementor-element elementor-element-58c4af81 elementor-section-boxed elementor-section-height-default elementor-section-height-default exad-glass-effect-no exad-sticky-section-no elementor-invisible\" data-id=\"58c4af81\" data-element_type=\"section\" data-e-type=\"section\" data-settings=\"{&quot;background_background&quot;:&quot;classic&quot;,&quot;animation&quot;:&quot;fadeIn&quot;}\">\n\t\t\t\t\t\t<div class=\"elementor-container elementor-column-gap-default\">\n\t\t\t\t\t\t<\/div>\n\t\t<\/section>\n\t\t\t\t<\/div>\n\t\t","protected":false},"excerpt":{"rendered":"<p>Tratamentos Abortos de repeti\u00e7\u00e3o Embora 25% de todas as gesta\u00e7\u00f5es evoluam para abortamento, somente 5% das mulheres ter\u00e3o dois abortos, e somente 1% sofrer\u00e3o tr\u00eas ou mais perdas gestacionais. Casais que possuem abortamentos recorrentes (mais der dois abortos segundo a Sociedade Americana de Medicina Reprodutiva) devem ser submetidos a uma investiga\u00e7\u00e3o detalhada por um especialista. [&hellip;]<\/p>\n","protected":false},"author":8,"featured_media":0,"parent":0,"menu_order":0,"comment_status":"closed","ping_status":"closed","template":"elementor_header_footer","meta":{"ocean_post_layout":"","ocean_both_sidebars_style":"","ocean_both_sidebars_content_width":0,"ocean_both_sidebars_sidebars_width":0,"ocean_sidebar":"0","ocean_second_sidebar":"0","ocean_disable_margins":"enable","ocean_add_body_class":"","ocean_shortcode_before_top_bar":"","ocean_shortcode_after_top_bar":"","ocean_shortcode_before_header":"","ocean_shortcode_after_header":"","ocean_has_shortcode":"","ocean_shortcode_after_title":"","ocean_shortcode_before_footer_widgets":"","ocean_shortcode_after_footer_widgets":"","ocean_shortcode_before_footer_bottom":"","ocean_shortcode_after_footer_bottom":"","ocean_display_top_bar":"default","ocean_display_header":"default","ocean_header_style":"","ocean_center_header_left_menu":"0","ocean_custom_header_template":"0","ocean_custom_logo":0,"ocean_custom_retina_logo":0,"ocean_custom_logo_max_width":0,"ocean_custom_logo_tablet_max_width":0,"ocean_custom_logo_mobile_max_width":0,"ocean_custom_logo_max_height":0,"ocean_custom_logo_tablet_max_height":0,"ocean_custom_logo_mobile_max_height":0,"ocean_header_custom_menu":"0","ocean_menu_typo_font_family":"0","ocean_menu_typo_font_subset":"","ocean_menu_typo_font_size":0,"ocean_menu_typo_font_size_tablet":0,"ocean_menu_typo_font_size_mobile":0,"ocean_menu_typo_font_size_unit":"px","ocean_menu_typo_font_weight":"","ocean_menu_typo_font_weight_tablet":"","ocean_menu_typo_font_weight_mobile":"","ocean_menu_typo_transform":"","ocean_menu_typo_transform_tablet":"","ocean_menu_typo_transform_mobile":"","ocean_menu_typo_line_height":0,"ocean_menu_typo_line_height_tablet":0,"ocean_menu_typo_line_height_mobile":0,"ocean_menu_typo_line_height_unit":"","ocean_menu_typo_spacing":0,"ocean_menu_typo_spacing_tablet":0,"ocean_menu_typo_spacing_mobile":0,"ocean_menu_typo_spacing_unit":"","ocean_menu_link_color":"","ocean_menu_link_color_hover":"","ocean_menu_link_color_active":"","ocean_menu_link_background":"","ocean_menu_link_hover_background":"","ocean_menu_link_active_background":"","ocean_menu_social_links_bg":"","ocean_menu_social_hover_links_bg":"","ocean_menu_social_links_color":"","ocean_menu_social_hover_links_color":"","ocean_disable_title":"default","ocean_disable_heading":"default","ocean_post_title":"","ocean_post_subheading":"","ocean_post_title_style":"","ocean_post_title_background_color":"","ocean_post_title_background":0,"ocean_post_title_bg_image_position":"","ocean_post_title_bg_image_attachment":"","ocean_post_title_bg_image_repeat":"","ocean_post_title_bg_image_size":"","ocean_post_title_height":0,"ocean_post_title_bg_overlay":0.5,"ocean_post_title_bg_overlay_color":"","ocean_disable_breadcrumbs":"default","ocean_breadcrumbs_color":"","ocean_breadcrumbs_separator_color":"","ocean_breadcrumbs_links_color":"","ocean_breadcrumbs_links_hover_color":"","ocean_display_footer_widgets":"default","ocean_display_footer_bottom":"default","ocean_custom_footer_template":"0","_joinchat":[],"footnotes":""},"class_list":["post-3566","page","type-page","status-publish","hentry","entry"],"_links":{"self":[{"href":"https:\/\/ellasaude.com.br\/index.php?rest_route=\/wp\/v2\/pages\/3566","targetHints":{"allow":["GET"]}}],"collection":[{"href":"https:\/\/ellasaude.com.br\/index.php?rest_route=\/wp\/v2\/pages"}],"about":[{"href":"https:\/\/ellasaude.com.br\/index.php?rest_route=\/wp\/v2\/types\/page"}],"author":[{"embeddable":true,"href":"https:\/\/ellasaude.com.br\/index.php?rest_route=\/wp\/v2\/users\/8"}],"replies":[{"embeddable":true,"href":"https:\/\/ellasaude.com.br\/index.php?rest_route=%2Fwp%2Fv2%2Fcomments&post=3566"}],"version-history":[{"count":0,"href":"https:\/\/ellasaude.com.br\/index.php?rest_route=\/wp\/v2\/pages\/3566\/revisions"}],"wp:attachment":[{"href":"https:\/\/ellasaude.com.br\/index.php?rest_route=%2Fwp%2Fv2%2Fmedia&parent=3566"}],"curies":[{"name":"wp","href":"https:\/\/api.w.org\/{rel}","templated":true}]}}