{"id":3558,"date":"2021-05-17T17:42:12","date_gmt":"2021-05-17T20:42:12","guid":{"rendered":"http:\/\/107.23.6.187\/?page_id=3558"},"modified":"2021-05-17T17:44:53","modified_gmt":"2021-05-17T20:44:53","slug":"barriga-solidaria","status":"publish","type":"page","link":"https:\/\/ellasaude.com.br\/?page_id=3558","title":{"rendered":"Barriga solid\u00e1ria"},"content":{"rendered":"\t\t<div data-elementor-type=\"wp-page\" data-elementor-id=\"3558\" class=\"elementor elementor-3558\">\n\t\t\t\t\t\t<section class=\"elementor-section elementor-top-section elementor-element elementor-element-10a779c elementor-section-boxed elementor-section-height-default elementor-section-height-default exad-glass-effect-no exad-sticky-section-no\" data-id=\"10a779c\" data-element_type=\"section\" data-e-type=\"section\">\n\t\t\t\t\t\t<div class=\"elementor-container elementor-column-gap-default\">\n\t\t\t\t\t<div class=\"elementor-column elementor-col-50 elementor-top-column elementor-element elementor-element-6a17fca8 exad-glass-effect-no exad-sticky-section-no\" data-id=\"6a17fca8\" data-element_type=\"column\" data-e-type=\"column\" data-settings=\"{&quot;animation&quot;:&quot;none&quot;}\">\n\t\t\t<div class=\"elementor-widget-wrap elementor-element-populated\">\n\t\t\t\t\t\t<div class=\"elementor-element elementor-element-5e0e3275 animated-slow exad-sticky-section-no exad-glass-effect-no elementor-invisible elementor-widget elementor-widget-image\" data-id=\"5e0e3275\" data-element_type=\"widget\" data-e-type=\"widget\" data-settings=\"{&quot;_animation&quot;:&quot;fadeIn&quot;}\" data-widget_type=\"image.default\">\n\t\t\t\t<div class=\"elementor-widget-container\">\n\t\t\t\t\t\t\t\t\t\t\t\t\t\t\t<img fetchpriority=\"high\" decoding=\"async\" width=\"1200\" height=\"800\" src=\"https:\/\/ellasaude.com.br\/wp-content\/uploads\/2021\/04\/x0442201001510568584.jpg.pagespeed.ic_.g6EaMk8a8N.jpg\" class=\"attachment-full size-full wp-image-1469\" alt=\"\" srcset=\"https:\/\/ellasaude.com.br\/wp-content\/uploads\/2021\/04\/x0442201001510568584.jpg.pagespeed.ic_.g6EaMk8a8N.jpg 1200w, https:\/\/ellasaude.com.br\/wp-content\/uploads\/2021\/04\/x0442201001510568584.jpg.pagespeed.ic_.g6EaMk8a8N-300x200.jpg 300w, https:\/\/ellasaude.com.br\/wp-content\/uploads\/2021\/04\/x0442201001510568584.jpg.pagespeed.ic_.g6EaMk8a8N-1024x683.jpg 1024w, https:\/\/ellasaude.com.br\/wp-content\/uploads\/2021\/04\/x0442201001510568584.jpg.pagespeed.ic_.g6EaMk8a8N-768x512.jpg 768w\" sizes=\"(max-width: 1200px) 100vw, 1200px\" \/>\t\t\t\t\t\t\t\t\t\t\t\t\t\t\t<\/div>\n\t\t\t\t<\/div>\n\t\t\t\t<div class=\"elementor-element elementor-element-6bcb7f1c animated-slow exad-sticky-section-no exad-glass-effect-no elementor-invisible elementor-widget elementor-widget-heading\" data-id=\"6bcb7f1c\" data-element_type=\"widget\" data-e-type=\"widget\" data-settings=\"{&quot;_animation&quot;:&quot;slideInUp&quot;,&quot;_animation_mobile&quot;:&quot;fadeIn&quot;}\" data-widget_type=\"heading.default\">\n\t\t\t\t<div class=\"elementor-widget-container\">\n\t\t\t\t\t<h3 class=\"elementor-heading-title elementor-size-default\">Tratamentos<\/h3>\t\t\t\t<\/div>\n\t\t\t\t<\/div>\n\t\t\t\t<div class=\"elementor-element elementor-element-4f9f65d3 animated-slow exad-sticky-section-no exad-glass-effect-no elementor-invisible elementor-widget elementor-widget-heading\" data-id=\"4f9f65d3\" data-element_type=\"widget\" data-e-type=\"widget\" data-settings=\"{&quot;_animation&quot;:&quot;slideInUp&quot;,&quot;_animation_mobile&quot;:&quot;fadeIn&quot;}\" data-widget_type=\"heading.default\">\n\t\t\t\t<div class=\"elementor-widget-container\">\n\t\t\t\t\t<h2 class=\"elementor-heading-title elementor-size-default\">Barriga solid\u00e1ria<\/h2>\t\t\t\t<\/div>\n\t\t\t\t<\/div>\n\t\t\t\t<div class=\"elementor-element elementor-element-4a6e800 animated-slow elementor-widget-divider--view-line exad-sticky-section-no exad-glass-effect-no elementor-invisible elementor-widget elementor-widget-divider\" data-id=\"4a6e800\" data-element_type=\"widget\" data-e-type=\"widget\" data-settings=\"{&quot;_animation&quot;:&quot;fadeInUp&quot;}\" data-widget_type=\"divider.default\">\n\t\t\t\t<div class=\"elementor-widget-container\">\n\t\t\t\t\t\t\t<div class=\"elementor-divider\">\n\t\t\t<span class=\"elementor-divider-separator\">\n\t\t\t\t\t\t<\/span>\n\t\t<\/div>\n\t\t\t\t\t\t<\/div>\n\t\t\t\t<\/div>\n\t\t\t\t<section class=\"elementor-section elementor-inner-section elementor-element elementor-element-60a509c3 elementor-section-boxed elementor-section-height-default elementor-section-height-default exad-glass-effect-no exad-sticky-section-no\" data-id=\"60a509c3\" data-element_type=\"section\" data-e-type=\"section\">\n\t\t\t\t\t\t<div class=\"elementor-container elementor-column-gap-default\">\n\t\t\t\t\t<div class=\"elementor-column elementor-col-100 elementor-inner-column elementor-element elementor-element-108b857c exad-glass-effect-no exad-sticky-section-no\" data-id=\"108b857c\" data-element_type=\"column\" data-e-type=\"column\">\n\t\t\t<div class=\"elementor-widget-wrap elementor-element-populated\">\n\t\t\t\t\t\t<div class=\"elementor-element elementor-element-dc7930c animated-slow exad-sticky-section-no exad-glass-effect-no elementor-invisible elementor-widget elementor-widget-text-editor\" data-id=\"dc7930c\" data-element_type=\"widget\" data-e-type=\"widget\" data-settings=\"{&quot;_animation&quot;:&quot;slideInUp&quot;,&quot;_animation_mobile&quot;:&quot;fadeIn&quot;}\" data-widget_type=\"text-editor.default\">\n\t\t\t\t<div class=\"elementor-widget-container\">\n\t\t\t\t\t\t\t\t\t<p>O assunto continua sendo um mito aqui no Brasil, especialmente por ser conhecido pelo termo \u201cBarriga de Aluguel\u201d. Mas a verdade, \u00e9 aqui no pa\u00eds, a pr\u00e1tica, por Lei, n\u00e3o pode envolver nenhum car\u00e1ter financeiro ou de lucro, apenas solid\u00e1rio. A resolu\u00e7\u00e3o do Conselho Federal de Medicina, n\u00ba 2.013\/13, estabeleceu novas regras para a t\u00e9cnica da barriga solid\u00e1ria em que parentes de at\u00e9 quarto grau \u2013 tias e primas \u2013 podem emprestar o \u00fatero para este fim. Situa\u00e7\u00f5es diferentes desta devem ser analisadas e permitidas pelo Conselho Federal de Medicina.<\/p><p>A pr\u00e1tica de Barriga Solid\u00e1ria acontece quando uma mulher empresta seu \u00fatero para a gesta\u00e7\u00e3o de o embri\u00e3o de outra pessoa (geralmente amigas ou familiares).<\/p><p>Tamb\u00e9m conhecida como substitui\u00e7\u00e3o tempor\u00e1ria de \u00fatero, este \u00e9 um procedimento em que \u00e9 realizada uma fertiliza\u00e7\u00e3o in vitro dos \u00f3vulos e espermatozoides do casal com infertilidade e, depois da fecunda\u00e7\u00e3o, os embri\u00f5es s\u00e3o transferidos para o \u00fatero da Barriga Solid\u00e1ria.<\/p><p>O procedimento deve ser feito por equipes altamente profissionais sendo recomendado que toda a fam\u00edlia e receptora recebam acompanhamento psicol\u00f3gico, antes, durante e depois da pr\u00e1tica.<\/p>\t\t\t\t\t\t\t\t<\/div>\n\t\t\t\t<\/div>\n\t\t\t\t\t<\/div>\n\t\t<\/div>\n\t\t\t\t\t<\/div>\n\t\t<\/section>\n\t\t\t\t\t<\/div>\n\t\t<\/div>\n\t\t\t\t<div class=\"elementor-column elementor-col-50 elementor-top-column elementor-element elementor-element-2add52b exad-glass-effect-no exad-sticky-section-no\" data-id=\"2add52b\" data-element_type=\"column\" data-e-type=\"column\">\n\t\t\t<div class=\"elementor-widget-wrap elementor-element-populated\">\n\t\t\t\t\t\t<div class=\"elementor-element elementor-element-4d8e953 exad-sticky-section-no exad-glass-effect-no elementor-widget elementor-widget-sidebar\" data-id=\"4d8e953\" data-element_type=\"widget\" data-e-type=\"widget\" data-widget_type=\"sidebar.default\">\n\t\t\t\t<div class=\"elementor-widget-container\">\n\t\t\t\t\t<div id=\"search-2\" class=\"sidebar-box widget_search clr\">\n<form aria-label=\"Pesquisar neste site\" role=\"search\" method=\"get\" class=\"searchform\" action=\"https:\/\/ellasaude.com.br\/\">\t\n\t<input aria-label=\"Inserir consulta de pesquisa\" type=\"search\" id=\"ocean-search-form-1\" class=\"field\" autocomplete=\"off\" placeholder=\"Pesquisar\" name=\"s\">\n\t\t<\/form>\n<\/div>\n\t\t<div id=\"recent-posts-2\" class=\"sidebar-box widget_recent_entries clr\">\n\t\t<h4 class=\"widget-title\">Posts recentes<\/h4>\n\t\t<ul>\n\t\t\t\t\t\t\t\t\t\t\t<li>\n\t\t\t\t\t<a href=\"https:\/\/ellasaude.com.br\/?p=8139\">Maternidade adiada?<\/a>\n\t\t\t\t\t\t\t\t\t<\/li>\n\t\t\t\t\t\t\t\t\t\t\t<li>\n\t\t\t\t\t<a href=\"https:\/\/ellasaude.com.br\/?p=8136\">Vencendo a Dor Vaginal na Menopausa: Dicas para um Al\u00edvio Eficaz<\/a>\n\t\t\t\t\t\t\t\t\t<\/li>\n\t\t\t\t\t\t\t\t\t\t\t<li>\n\t\t\t\t\t<a href=\"https:\/\/ellasaude.com.br\/?p=8132\">Menopausa: Desvendando os Mist\u00e9rios dessa Nova Fase da Vida<\/a>\n\t\t\t\t\t\t\t\t\t<\/li>\n\t\t\t\t\t\t\t\t\t\t\t<li>\n\t\t\t\t\t<a href=\"https:\/\/ellasaude.com.br\/?p=8064\">Empresas brasileiras oferecem congelamento de \u00f3vulos como benef\u00edcio para suas funcion\u00e1rias<\/a>\n\t\t\t\t\t\t\t\t\t<\/li>\n\t\t\t\t\t\t\t\t\t\t\t<li>\n\t\t\t\t\t<a href=\"https:\/\/ellasaude.com.br\/?p=7789\">Os Perigos da Dengue Durante a Gravidez<\/a>\n\t\t\t\t\t\t\t\t\t<\/li>\n\t\t\t\t\t<\/ul>\n\n\t\t<\/div><div id=\"ocean_custom_menu-2\" class=\"sidebar-box widget-oceanwp-custom-menu custom-menu-widget clr\"><h4 class=\"widget-title\">Sa\u00fade Feminina<\/h4><div class=\"oceanwp-custom-menu clr ocean_custom_menu-2 left dropdown-hover\"><ul id=\"menu-saude-feminina\" class=\"dropdown-menu sf-menu\"><li  id=\"menu-item-4830\" class=\"menu-item menu-item-type-post_type menu-item-object-page menu-item-4830\"><a href=\"https:\/\/ellasaude.com.br\/?page_id=3676\" class=\"menu-link\">Pr\u00e9-natal<\/a><\/li>\n<li  id=\"menu-item-2122\" class=\"menu-item menu-item-type-post_type menu-item-object-page menu-item-2122\"><a href=\"https:\/\/ellasaude.com.br\/?page_id=1770\" class=\"menu-link\">Sa\u00fade da mulher<\/a><\/li>\n<li  id=\"menu-item-2124\" class=\"menu-item menu-item-type-post_type menu-item-object-page menu-item-2124\"><a href=\"https:\/\/ellasaude.com.br\/?page_id=1415\" class=\"menu-link\">Tratamentos<\/a><\/li>\n<li  id=\"menu-item-2121\" class=\"menu-item menu-item-type-post_type menu-item-object-page menu-item-2121\"><a href=\"https:\/\/ellasaude.com.br\/?page_id=1952\" class=\"menu-link\">Centro diagn\u00f3stico<\/a><\/li>\n<\/ul><\/div><\/div>\t\t\t\t<\/div>\n\t\t\t\t<\/div>\n\t\t\t\t\t<\/div>\n\t\t<\/div>\n\t\t\t\t\t<\/div>\n\t\t<\/section>\n\t\t\t\t<section class=\"elementor-section elementor-top-section elementor-element elementor-element-58c4af81 elementor-section-boxed elementor-section-height-default elementor-section-height-default exad-glass-effect-no exad-sticky-section-no elementor-invisible\" data-id=\"58c4af81\" data-element_type=\"section\" data-e-type=\"section\" data-settings=\"{&quot;background_background&quot;:&quot;classic&quot;,&quot;animation&quot;:&quot;fadeIn&quot;}\">\n\t\t\t\t\t\t<div class=\"elementor-container elementor-column-gap-default\">\n\t\t\t\t\t\t<\/div>\n\t\t<\/section>\n\t\t\t\t<\/div>\n\t\t","protected":false},"excerpt":{"rendered":"<p>Tratamentos Barriga solid\u00e1ria O assunto continua sendo um mito aqui no Brasil, especialmente por ser conhecido pelo termo \u201cBarriga de Aluguel\u201d. Mas a verdade, \u00e9 aqui no pa\u00eds, a pr\u00e1tica, por Lei, n\u00e3o pode envolver nenhum car\u00e1ter financeiro ou de lucro, apenas solid\u00e1rio. A resolu\u00e7\u00e3o do Conselho Federal de Medicina, n\u00ba 2.013\/13, estabeleceu novas regras [&hellip;]<\/p>\n","protected":false},"author":8,"featured_media":0,"parent":0,"menu_order":0,"comment_status":"closed","ping_status":"closed","template":"elementor_header_footer","meta":{"ocean_post_layout":"","ocean_both_sidebars_style":"","ocean_both_sidebars_content_width":0,"ocean_both_sidebars_sidebars_width":0,"ocean_sidebar":"0","ocean_second_sidebar":"0","ocean_disable_margins":"enable","ocean_add_body_class":"","ocean_shortcode_before_top_bar":"","ocean_shortcode_after_top_bar":"","ocean_shortcode_before_header":"","ocean_shortcode_after_header":"","ocean_has_shortcode":"","ocean_shortcode_after_title":"","ocean_shortcode_before_footer_widgets":"","ocean_shortcode_after_footer_widgets":"","ocean_shortcode_before_footer_bottom":"","ocean_shortcode_after_footer_bottom":"","ocean_display_top_bar":"default","ocean_display_header":"default","ocean_header_style":"","ocean_center_header_left_menu":"0","ocean_custom_header_template":"0","ocean_custom_logo":0,"ocean_custom_retina_logo":0,"ocean_custom_logo_max_width":0,"ocean_custom_logo_tablet_max_width":0,"ocean_custom_logo_mobile_max_width":0,"ocean_custom_logo_max_height":0,"ocean_custom_logo_tablet_max_height":0,"ocean_custom_logo_mobile_max_height":0,"ocean_header_custom_menu":"0","ocean_menu_typo_font_family":"0","ocean_menu_typo_font_subset":"","ocean_menu_typo_font_size":0,"ocean_menu_typo_font_size_tablet":0,"ocean_menu_typo_font_size_mobile":0,"ocean_menu_typo_font_size_unit":"px","ocean_menu_typo_font_weight":"","ocean_menu_typo_font_weight_tablet":"","ocean_menu_typo_font_weight_mobile":"","ocean_menu_typo_transform":"","ocean_menu_typo_transform_tablet":"","ocean_menu_typo_transform_mobile":"","ocean_menu_typo_line_height":0,"ocean_menu_typo_line_height_tablet":0,"ocean_menu_typo_line_height_mobile":0,"ocean_menu_typo_line_height_unit":"","ocean_menu_typo_spacing":0,"ocean_menu_typo_spacing_tablet":0,"ocean_menu_typo_spacing_mobile":0,"ocean_menu_typo_spacing_unit":"","ocean_menu_link_color":"","ocean_menu_link_color_hover":"","ocean_menu_link_color_active":"","ocean_menu_link_background":"","ocean_menu_link_hover_background":"","ocean_menu_link_active_background":"","ocean_menu_social_links_bg":"","ocean_menu_social_hover_links_bg":"","ocean_menu_social_links_color":"","ocean_menu_social_hover_links_color":"","ocean_disable_title":"default","ocean_disable_heading":"default","ocean_post_title":"","ocean_post_subheading":"","ocean_post_title_style":"","ocean_post_title_background_color":"","ocean_post_title_background":0,"ocean_post_title_bg_image_position":"","ocean_post_title_bg_image_attachment":"","ocean_post_title_bg_image_repeat":"","ocean_post_title_bg_image_size":"","ocean_post_title_height":0,"ocean_post_title_bg_overlay":0.5,"ocean_post_title_bg_overlay_color":"","ocean_disable_breadcrumbs":"default","ocean_breadcrumbs_color":"","ocean_breadcrumbs_separator_color":"","ocean_breadcrumbs_links_color":"","ocean_breadcrumbs_links_hover_color":"","ocean_display_footer_widgets":"default","ocean_display_footer_bottom":"default","ocean_custom_footer_template":"0","_joinchat":[],"footnotes":""},"class_list":["post-3558","page","type-page","status-publish","hentry","entry"],"_links":{"self":[{"href":"https:\/\/ellasaude.com.br\/index.php?rest_route=\/wp\/v2\/pages\/3558","targetHints":{"allow":["GET"]}}],"collection":[{"href":"https:\/\/ellasaude.com.br\/index.php?rest_route=\/wp\/v2\/pages"}],"about":[{"href":"https:\/\/ellasaude.com.br\/index.php?rest_route=\/wp\/v2\/types\/page"}],"author":[{"embeddable":true,"href":"https:\/\/ellasaude.com.br\/index.php?rest_route=\/wp\/v2\/users\/8"}],"replies":[{"embeddable":true,"href":"https:\/\/ellasaude.com.br\/index.php?rest_route=%2Fwp%2Fv2%2Fcomments&post=3558"}],"version-history":[{"count":0,"href":"https:\/\/ellasaude.com.br\/index.php?rest_route=\/wp\/v2\/pages\/3558\/revisions"}],"wp:attachment":[{"href":"https:\/\/ellasaude.com.br\/index.php?rest_route=%2Fwp%2Fv2%2Fmedia&parent=3558"}],"curies":[{"name":"wp","href":"https:\/\/api.w.org\/{rel}","templated":true}]}}