{"id":3530,"date":"2021-05-17T15:39:12","date_gmt":"2021-05-17T18:39:12","guid":{"rendered":"http:\/\/107.23.6.187\/?page_id=3530"},"modified":"2021-05-17T15:44:30","modified_gmt":"2021-05-17T18:44:30","slug":"fertilizacao-in-vitro","status":"publish","type":"page","link":"https:\/\/ellasaude.com.br\/?page_id=3530","title":{"rendered":"Fertiliza\u00e7\u00e3o in vitro"},"content":{"rendered":"\t\t<div data-elementor-type=\"wp-page\" data-elementor-id=\"3530\" class=\"elementor elementor-3530\">\n\t\t\t\t\t\t<section class=\"elementor-section elementor-top-section elementor-element elementor-element-10a779c elementor-section-boxed elementor-section-height-default elementor-section-height-default exad-glass-effect-no exad-sticky-section-no\" data-id=\"10a779c\" data-element_type=\"section\" data-e-type=\"section\">\n\t\t\t\t\t\t<div class=\"elementor-container elementor-column-gap-default\">\n\t\t\t\t\t<div class=\"elementor-column elementor-col-50 elementor-top-column elementor-element elementor-element-6a17fca8 exad-glass-effect-no exad-sticky-section-no\" data-id=\"6a17fca8\" data-element_type=\"column\" data-e-type=\"column\" data-settings=\"{&quot;animation&quot;:&quot;none&quot;}\">\n\t\t\t<div class=\"elementor-widget-wrap elementor-element-populated\">\n\t\t\t\t\t\t<div class=\"elementor-element elementor-element-5e0e3275 animated-slow exad-sticky-section-no exad-glass-effect-no elementor-invisible elementor-widget elementor-widget-image\" data-id=\"5e0e3275\" data-element_type=\"widget\" data-e-type=\"widget\" data-settings=\"{&quot;_animation&quot;:&quot;fadeIn&quot;}\" data-widget_type=\"image.default\">\n\t\t\t\t<div class=\"elementor-widget-container\">\n\t\t\t\t\t\t\t\t\t\t\t\t\t\t\t<img fetchpriority=\"high\" decoding=\"async\" width=\"1200\" height=\"800\" src=\"https:\/\/ellasaude.com.br\/wp-content\/uploads\/2021\/03\/0542170001510568102-1.jpg\" class=\"attachment-full size-full wp-image-247\" alt=\"\" \/>\t\t\t\t\t\t\t\t\t\t\t\t\t\t\t<\/div>\n\t\t\t\t<\/div>\n\t\t\t\t<div class=\"elementor-element elementor-element-6bcb7f1c animated-slow exad-sticky-section-no exad-glass-effect-no elementor-invisible elementor-widget elementor-widget-heading\" data-id=\"6bcb7f1c\" data-element_type=\"widget\" data-e-type=\"widget\" data-settings=\"{&quot;_animation&quot;:&quot;slideInUp&quot;,&quot;_animation_mobile&quot;:&quot;fadeIn&quot;}\" data-widget_type=\"heading.default\">\n\t\t\t\t<div class=\"elementor-widget-container\">\n\t\t\t\t\t<h3 class=\"elementor-heading-title elementor-size-default\">Tratamentos<\/h3>\t\t\t\t<\/div>\n\t\t\t\t<\/div>\n\t\t\t\t<div class=\"elementor-element elementor-element-4f9f65d3 animated-slow exad-sticky-section-no exad-glass-effect-no elementor-invisible elementor-widget elementor-widget-heading\" data-id=\"4f9f65d3\" data-element_type=\"widget\" data-e-type=\"widget\" data-settings=\"{&quot;_animation&quot;:&quot;slideInUp&quot;,&quot;_animation_mobile&quot;:&quot;fadeIn&quot;}\" data-widget_type=\"heading.default\">\n\t\t\t\t<div class=\"elementor-widget-container\">\n\t\t\t\t\t<h2 class=\"elementor-heading-title elementor-size-default\">Fertiliza\u00e7\u00e3o in vitro<\/h2>\t\t\t\t<\/div>\n\t\t\t\t<\/div>\n\t\t\t\t<div class=\"elementor-element elementor-element-4a6e800 animated-slow elementor-widget-divider--view-line exad-sticky-section-no exad-glass-effect-no elementor-invisible elementor-widget elementor-widget-divider\" data-id=\"4a6e800\" data-element_type=\"widget\" data-e-type=\"widget\" data-settings=\"{&quot;_animation&quot;:&quot;fadeInUp&quot;}\" data-widget_type=\"divider.default\">\n\t\t\t\t<div class=\"elementor-widget-container\">\n\t\t\t\t\t\t\t<div class=\"elementor-divider\">\n\t\t\t<span class=\"elementor-divider-separator\">\n\t\t\t\t\t\t<\/span>\n\t\t<\/div>\n\t\t\t\t\t\t<\/div>\n\t\t\t\t<\/div>\n\t\t\t\t<section class=\"elementor-section elementor-inner-section elementor-element elementor-element-60a509c3 elementor-section-boxed elementor-section-height-default elementor-section-height-default exad-glass-effect-no exad-sticky-section-no\" data-id=\"60a509c3\" data-element_type=\"section\" data-e-type=\"section\">\n\t\t\t\t\t\t<div class=\"elementor-container elementor-column-gap-default\">\n\t\t\t\t\t<div class=\"elementor-column elementor-col-100 elementor-inner-column elementor-element elementor-element-108b857c exad-glass-effect-no exad-sticky-section-no\" data-id=\"108b857c\" data-element_type=\"column\" data-e-type=\"column\">\n\t\t\t<div class=\"elementor-widget-wrap elementor-element-populated\">\n\t\t\t\t\t\t<div class=\"elementor-element elementor-element-dc7930c animated-slow exad-sticky-section-no exad-glass-effect-no elementor-invisible elementor-widget elementor-widget-text-editor\" data-id=\"dc7930c\" data-element_type=\"widget\" data-e-type=\"widget\" data-settings=\"{&quot;_animation&quot;:&quot;slideInUp&quot;,&quot;_animation_mobile&quot;:&quot;fadeIn&quot;}\" data-widget_type=\"text-editor.default\">\n\t\t\t\t<div class=\"elementor-widget-container\">\n\t\t\t\t\t\t\t\t\t<p>Apesar do nome \u201cBebe de Proveta\u201d nos remeter \u00e0 fic\u00e7\u00e3o cient\u00edfica, a pr\u00e1tica \u00e9 muito comum hoje em dia.<\/p><p>Na Fertiliza\u00e7\u00e3o In Vitro, os \u00f3vulos s\u00e3o fecundados fora do corpo da mulher \u2013\u201cin vitro\u2019- e recolocados dentro do \u00fatero j\u00e1 em forma de embri\u00e3o. \u00c9 um processo muito v\u00e1lido para homens com baixa contagem de espermatozoides ou com altera\u00e7\u00e3o na forma dos mesmos.<\/p><p>Ele vale tamb\u00e9m para mulheres com altera\u00e7\u00f5es tub\u00e1rias, idade avan\u00e7ada, qualidade dos \u00f3vulos comprometida, ou que apresentem falhas repetidas de insemina\u00e7\u00e3o intrauterina e infertilidade de longa data.<\/p><p>\u00c9 um processo que dura de 12 a 15 dias, dividido em quatro etapas: Na primeira, \u00e9 feita a indu\u00e7\u00e3o da ovula\u00e7\u00e3o. Utilizam-se tr\u00eas tipos de medica\u00e7\u00e3o: gonodotrofinas para estimular o crescimento dos fol\u00edculos; antagonistas do GnRh ou agonistas do GnRh para que os fol\u00edculos n\u00e3o se rompam e para que seja poss\u00edvel coletar \u00f3vulos; e hCG que \u00e9 aplicado 36 horas antes da aspira\u00e7\u00e3o dos fol\u00edculos para a matura\u00e7\u00e3o final dos \u00f3vulos. Tratam-se de medica\u00e7\u00f5es geralmente injet\u00e1veis, mas o manuseio \u00e9 simples e se assemelha \u00e0s inje\u00e7\u00f5es dos diab\u00e9ticos. A agulha \u00e9 pequena e bem fininha e a pr\u00f3pria paciente pode ser orientada para aplic\u00e1-las sozinha.<\/p><p>O controle da indu\u00e7\u00e3o da ovula\u00e7\u00e3o \u00e9 feito atrav\u00e9s de exames de ultrassom que medem os fol\u00edculos (as bolsinhas que cont\u00e9m os \u00f3vulos). Atrav\u00e9s da medida dos fol\u00edculos, \u00e9 poss\u00edvel saber quando os \u00f3vulos est\u00e3o maduros e prontos para serem coletados. Este processo dura cerca de 10 a 12 dias e s\u00e3o realizados neste per\u00edodo tr\u00eas a quatro exames de ultrassom.<\/p><p>\u00a0<\/p><p>A coleta dos \u00f3vulos<\/p><p>O procedimento dura cerca de 20 minutos. Uma agulha \u00e9 introduzida no ov\u00e1rio, guiada por ultrassom para que o l\u00edquido dos fol\u00edculos seja aspirado. O l\u00edquido \u00e9 levado ao laborat\u00f3rio, onde os \u00f3vulos ser\u00e3o separados. Para maior conforto da paciente, usamos a seda\u00e7\u00e3o. Assim ela n\u00e3o sentir\u00e1 dor. A quantidade de \u00f3vulos depende da idade, da reserva ovariana e da gen\u00e9tica da paciente.<\/p><p>\u00a0<\/p><p>A coleta do s\u00eamen<\/p><p>A coleta de s\u00eamen normalmente \u00e9 realizada no mesmo dia da coleta dos \u00f3vulos. A maneira como ela ser\u00e1 realizada vai depender da contagem dos espermatozoides no s\u00eamen e se h\u00e1 ou n\u00e3o um problema masculino.<\/p><p>Se houver espermatozoides no s\u00eamen, a coleta \u00e9 realizada por masturba\u00e7\u00e3o (igual um espermograma). Caso o paciente n\u00e3o apresente espermatozoides no ejaculado a coleta de s\u00eamen pode ser realizada atrav\u00e9s do PESA &#8211; pun\u00e7\u00e3o do epid\u00eddimo (que fica localizado junto aos test\u00edculos), ou atrav\u00e9s de bi\u00f3psia testicular. A bi\u00f3psia testicular \u00e9 uma t\u00e9cnica de recupera\u00e7\u00e3o de espermatozoides atrav\u00e9s de uma pequena incis\u00e3o no test\u00edculo e pode ter melhores resultados quando realizada com um microsc\u00f3pio ( MICROTESE). Os homens n\u00e3o precisam ficar preocupados porque estes procedimentos s\u00e3o realizados em centro cir\u00fargico com seda\u00e7\u00e3o.<\/p><p>\u00a0<\/p><p><strong>A FERTILIZA\u00c7\u00c3O<\/strong><\/p><p>Geralmente todos os \u00f3vulos maduros s\u00e3o fecundados, ou seja, submetidos a fertiliza\u00e7\u00e3o in vitro ou ICSI, mas apesar dos espermatozoides serem colocados dentro dos \u00f3vulos, pode n\u00e3o ocorrer a fecunda\u00e7\u00e3o.<\/p><p>\u00a0<\/p><p>O que \u00e9 ICSI<\/p><p>Inje\u00e7\u00e3o Intracitoplasm\u00e1tica de Espermatozoides. Consiste em colocar cada espermatozoide dentro do \u00f3vulo atrav\u00e9s de um micro-manipulador acoplado a um microsc\u00f3pio invertido. \u00c9 realizado no mesmo dia da coleta dos \u00f3vulos por um embriologista, no laborat\u00f3rio de reprodu\u00e7\u00e3o assistida.<\/p><p>\u00a0<\/p><p>Avalia\u00e7\u00e3o do embri\u00e3o<\/p><p>A avalia\u00e7\u00e3o do embri\u00e3o \u00e9 realizada pela sua caracter\u00edstica morfol\u00f3gica, ou seja, pelo n\u00famero de c\u00e9lulas e pelo grau de fragmenta\u00e7\u00e3o destas c\u00e9lulas. Um embri\u00e3o \u201ctop quality\u201d (\u00f3timo) no terceiro dia de vida \u00e9 aquele que possui oito c\u00e9lulas com pouca ou nenhuma fragmenta\u00e7\u00e3o. Esta avalia\u00e7\u00e3o da forma n\u00e3o garante que o embri\u00e3o seja cromossomicamente normal. Para avalia\u00e7\u00e3o dos cromossomos embrion\u00e1rios, pode ser realizado a bi\u00f3psia embrion\u00e1ria (BIOPSIA PRE IMPLANTACIONAL), que n\u00e3o \u00e9 um procedimento de rotina, mas tem suas indica\u00e7\u00f5es como idade materna avan\u00e7ada (acima de 38 anos), falhas repetidas de implanta\u00e7\u00e3o, doen\u00e7as heredit\u00e1rias, abortamentos de repeti\u00e7\u00e3o e o desejo do casal. Apesar da biopsia pr\u00e9-implantacional poder ser realizada atrav\u00e9s da retirada de uma \u00fanica c\u00e9lula do embri\u00e3o no terceiro dia de desenvolvimento, nossa prefer\u00eancia \u00e9 que seja feita no quinto dia, no est\u00e1gio de blastocisto, em que o embri\u00e3o possui mais de 100 c\u00e9lulas e a analise, consequentemente, \u00e9 mais precisa e com menores riscos para o embri\u00e3o. Este procedimento permite analisar todos os 24 cromossomos, a fim de descartar a possibilidade de aneuploidias embrion\u00e1rias antes da implanta\u00e7\u00e3o- COLOCAR FOTO DE BIOPSIA PRE IMPLANTACIONAL falhas de implanta\u00e7\u00e3o em ciclos d.<\/p><p>\u00a0<\/p><p><strong>A TRANSFER\u00caNCIA EMBRION\u00c1RIA<\/strong><\/p><p>O n\u00famero de embri\u00f5es a ser colocado vai depender da idade da paciente e da qualidade dos embri\u00f5es. De acordo com o Conselho Federal de Medicina, mulheres com menos de 35 anos recebem 2 embri\u00f5es, enquanto aquelas que tem entre 36 e 39 anos recebem 3. Mulheres com mais de 40 anos poder\u00e3o receber quatro embri\u00f5es. O procedimento \u00e9 simples: um cateter bem fininho contendo os embri\u00f5es \u00e9 colocado dentro do \u00fatero, monitorado por ultrassom p\u00e9lvico. Normalmente o procedimento \u00e9 feito sem anestesia. Os embri\u00f5es excedentes podem ser congelados. A t\u00e9cnica utilizada atualmente \u00e9 a de vitrifica\u00e7\u00e3o, que \u00e9 um congelamento r\u00e1pido, com altas taxa de sobreviv\u00eancia p\u00f3s descongelamento e boas taxas de gravidez. Geralmente 9 a 12 dias ap\u00f3s a transfer\u00eancia dos embri\u00f5es \u00e9 poss\u00edvel fazer o teste de gravidez.<\/p><p>\u00a0<\/p><p><strong>A escolha do laborat\u00f3rio de reprodu\u00e7\u00e3o humana<\/strong><\/p><p>Os resultados dos tratamentos de reprodu\u00e7\u00e3o assistida possuem limita\u00e7\u00f5es a serem superadas e sabemos que o papel da qualidade do laborat\u00f3rio de reprodu\u00e7\u00e3o humana \u00e9 fundamental para conseguirmos os melhores resultados poss\u00edveis no tratamento dos pacientes.<\/p><p>As instala\u00e7\u00f5es do laborat\u00f3rio, os recursos tecnol\u00f3gicos e o controle de qualidade s\u00e3o fatores primordiais na escolha do laborat\u00f3rio para nossas pacientes e por isso somos muito criteriosos com nossas parcerias. Atualmente realizamos nossa parte laboratorial no Laborat\u00f3rio de Reprodu\u00e7\u00e3o Humana do Hospital S\u00edrio Liban\u00eas ou no Laborat\u00f3rio de Reprodu\u00e7\u00e3o Humana do Hospital Santa Joana.<\/p>\t\t\t\t\t\t\t\t<\/div>\n\t\t\t\t<\/div>\n\t\t\t\t\t<\/div>\n\t\t<\/div>\n\t\t\t\t\t<\/div>\n\t\t<\/section>\n\t\t\t\t\t<\/div>\n\t\t<\/div>\n\t\t\t\t<div class=\"elementor-column elementor-col-50 elementor-top-column elementor-element elementor-element-2add52b exad-glass-effect-no exad-sticky-section-no\" data-id=\"2add52b\" data-element_type=\"column\" data-e-type=\"column\">\n\t\t\t<div class=\"elementor-widget-wrap elementor-element-populated\">\n\t\t\t\t\t\t<div class=\"elementor-element elementor-element-4d8e953 exad-sticky-section-no exad-glass-effect-no elementor-widget elementor-widget-sidebar\" data-id=\"4d8e953\" data-element_type=\"widget\" data-e-type=\"widget\" data-widget_type=\"sidebar.default\">\n\t\t\t\t<div class=\"elementor-widget-container\">\n\t\t\t\t\t<div id=\"search-2\" class=\"sidebar-box widget_search clr\">\n<form aria-label=\"Pesquisar neste site\" role=\"search\" method=\"get\" class=\"searchform\" action=\"https:\/\/ellasaude.com.br\/\">\t\n\t<input aria-label=\"Inserir consulta de pesquisa\" type=\"search\" id=\"ocean-search-form-1\" class=\"field\" autocomplete=\"off\" placeholder=\"Pesquisar\" name=\"s\">\n\t\t<\/form>\n<\/div>\n\t\t<div id=\"recent-posts-2\" class=\"sidebar-box widget_recent_entries clr\">\n\t\t<h4 class=\"widget-title\">Posts recentes<\/h4>\n\t\t<ul>\n\t\t\t\t\t\t\t\t\t\t\t<li>\n\t\t\t\t\t<a href=\"https:\/\/ellasaude.com.br\/?p=8139\">Maternidade adiada?<\/a>\n\t\t\t\t\t\t\t\t\t<\/li>\n\t\t\t\t\t\t\t\t\t\t\t<li>\n\t\t\t\t\t<a href=\"https:\/\/ellasaude.com.br\/?p=8136\">Vencendo a Dor Vaginal na Menopausa: Dicas para um Al\u00edvio Eficaz<\/a>\n\t\t\t\t\t\t\t\t\t<\/li>\n\t\t\t\t\t\t\t\t\t\t\t<li>\n\t\t\t\t\t<a href=\"https:\/\/ellasaude.com.br\/?p=8132\">Menopausa: Desvendando os Mist\u00e9rios dessa Nova Fase da Vida<\/a>\n\t\t\t\t\t\t\t\t\t<\/li>\n\t\t\t\t\t\t\t\t\t\t\t<li>\n\t\t\t\t\t<a href=\"https:\/\/ellasaude.com.br\/?p=8064\">Empresas brasileiras oferecem congelamento de \u00f3vulos como benef\u00edcio para suas funcion\u00e1rias<\/a>\n\t\t\t\t\t\t\t\t\t<\/li>\n\t\t\t\t\t\t\t\t\t\t\t<li>\n\t\t\t\t\t<a href=\"https:\/\/ellasaude.com.br\/?p=7789\">Os Perigos da Dengue Durante a Gravidez<\/a>\n\t\t\t\t\t\t\t\t\t<\/li>\n\t\t\t\t\t<\/ul>\n\n\t\t<\/div><div id=\"ocean_custom_menu-2\" class=\"sidebar-box widget-oceanwp-custom-menu custom-menu-widget clr\"><h4 class=\"widget-title\">Sa\u00fade Feminina<\/h4><div class=\"oceanwp-custom-menu clr ocean_custom_menu-2 left dropdown-hover\"><ul id=\"menu-saude-feminina\" class=\"dropdown-menu sf-menu\"><li  id=\"menu-item-4830\" class=\"menu-item menu-item-type-post_type menu-item-object-page menu-item-4830\"><a href=\"https:\/\/ellasaude.com.br\/?page_id=3676\" class=\"menu-link\">Pr\u00e9-natal<\/a><\/li>\n<li  id=\"menu-item-2122\" class=\"menu-item menu-item-type-post_type menu-item-object-page menu-item-2122\"><a href=\"https:\/\/ellasaude.com.br\/?page_id=1770\" class=\"menu-link\">Sa\u00fade da mulher<\/a><\/li>\n<li  id=\"menu-item-2124\" class=\"menu-item menu-item-type-post_type menu-item-object-page menu-item-2124\"><a href=\"https:\/\/ellasaude.com.br\/?page_id=1415\" class=\"menu-link\">Tratamentos<\/a><\/li>\n<li  id=\"menu-item-2121\" class=\"menu-item menu-item-type-post_type menu-item-object-page menu-item-2121\"><a href=\"https:\/\/ellasaude.com.br\/?page_id=1952\" class=\"menu-link\">Centro diagn\u00f3stico<\/a><\/li>\n<\/ul><\/div><\/div>\t\t\t\t<\/div>\n\t\t\t\t<\/div>\n\t\t\t\t\t<\/div>\n\t\t<\/div>\n\t\t\t\t\t<\/div>\n\t\t<\/section>\n\t\t\t\t<section class=\"elementor-section elementor-top-section elementor-element elementor-element-58c4af81 elementor-section-boxed elementor-section-height-default elementor-section-height-default exad-glass-effect-no exad-sticky-section-no elementor-invisible\" data-id=\"58c4af81\" data-element_type=\"section\" data-e-type=\"section\" data-settings=\"{&quot;background_background&quot;:&quot;classic&quot;,&quot;animation&quot;:&quot;fadeIn&quot;}\">\n\t\t\t\t\t\t<div class=\"elementor-container elementor-column-gap-default\">\n\t\t\t\t\t\t<\/div>\n\t\t<\/section>\n\t\t\t\t<\/div>\n\t\t","protected":false},"excerpt":{"rendered":"<p>Tratamentos Fertiliza\u00e7\u00e3o in vitro Apesar do nome \u201cBebe de Proveta\u201d nos remeter \u00e0 fic\u00e7\u00e3o cient\u00edfica, a pr\u00e1tica \u00e9 muito comum hoje em dia. Na Fertiliza\u00e7\u00e3o In Vitro, os \u00f3vulos s\u00e3o fecundados fora do corpo da mulher \u2013\u201cin vitro\u2019- e recolocados dentro do \u00fatero j\u00e1 em forma de embri\u00e3o. \u00c9 um processo muito v\u00e1lido para homens [&hellip;]<\/p>\n","protected":false},"author":8,"featured_media":0,"parent":0,"menu_order":0,"comment_status":"closed","ping_status":"closed","template":"elementor_header_footer","meta":{"ocean_post_layout":"","ocean_both_sidebars_style":"","ocean_both_sidebars_content_width":0,"ocean_both_sidebars_sidebars_width":0,"ocean_sidebar":"0","ocean_second_sidebar":"0","ocean_disable_margins":"enable","ocean_add_body_class":"","ocean_shortcode_before_top_bar":"","ocean_shortcode_after_top_bar":"","ocean_shortcode_before_header":"","ocean_shortcode_after_header":"","ocean_has_shortcode":"","ocean_shortcode_after_title":"","ocean_shortcode_before_footer_widgets":"","ocean_shortcode_after_footer_widgets":"","ocean_shortcode_before_footer_bottom":"","ocean_shortcode_after_footer_bottom":"","ocean_display_top_bar":"default","ocean_display_header":"default","ocean_header_style":"","ocean_center_header_left_menu":"0","ocean_custom_header_template":"0","ocean_custom_logo":0,"ocean_custom_retina_logo":0,"ocean_custom_logo_max_width":0,"ocean_custom_logo_tablet_max_width":0,"ocean_custom_logo_mobile_max_width":0,"ocean_custom_logo_max_height":0,"ocean_custom_logo_tablet_max_height":0,"ocean_custom_logo_mobile_max_height":0,"ocean_header_custom_menu":"0","ocean_menu_typo_font_family":"0","ocean_menu_typo_font_subset":"","ocean_menu_typo_font_size":0,"ocean_menu_typo_font_size_tablet":0,"ocean_menu_typo_font_size_mobile":0,"ocean_menu_typo_font_size_unit":"px","ocean_menu_typo_font_weight":"","ocean_menu_typo_font_weight_tablet":"","ocean_menu_typo_font_weight_mobile":"","ocean_menu_typo_transform":"","ocean_menu_typo_transform_tablet":"","ocean_menu_typo_transform_mobile":"","ocean_menu_typo_line_height":0,"ocean_menu_typo_line_height_tablet":0,"ocean_menu_typo_line_height_mobile":0,"ocean_menu_typo_line_height_unit":"","ocean_menu_typo_spacing":0,"ocean_menu_typo_spacing_tablet":0,"ocean_menu_typo_spacing_mobile":0,"ocean_menu_typo_spacing_unit":"","ocean_menu_link_color":"","ocean_menu_link_color_hover":"","ocean_menu_link_color_active":"","ocean_menu_link_background":"","ocean_menu_link_hover_background":"","ocean_menu_link_active_background":"","ocean_menu_social_links_bg":"","ocean_menu_social_hover_links_bg":"","ocean_menu_social_links_color":"","ocean_menu_social_hover_links_color":"","ocean_disable_title":"default","ocean_disable_heading":"default","ocean_post_title":"","ocean_post_subheading":"","ocean_post_title_style":"","ocean_post_title_background_color":"","ocean_post_title_background":0,"ocean_post_title_bg_image_position":"","ocean_post_title_bg_image_attachment":"","ocean_post_title_bg_image_repeat":"","ocean_post_title_bg_image_size":"","ocean_post_title_height":0,"ocean_post_title_bg_overlay":0.5,"ocean_post_title_bg_overlay_color":"","ocean_disable_breadcrumbs":"default","ocean_breadcrumbs_color":"","ocean_breadcrumbs_separator_color":"","ocean_breadcrumbs_links_color":"","ocean_breadcrumbs_links_hover_color":"","ocean_display_footer_widgets":"default","ocean_display_footer_bottom":"default","ocean_custom_footer_template":"0","_joinchat":[],"footnotes":""},"class_list":["post-3530","page","type-page","status-publish","hentry","entry"],"_links":{"self":[{"href":"https:\/\/ellasaude.com.br\/index.php?rest_route=\/wp\/v2\/pages\/3530","targetHints":{"allow":["GET"]}}],"collection":[{"href":"https:\/\/ellasaude.com.br\/index.php?rest_route=\/wp\/v2\/pages"}],"about":[{"href":"https:\/\/ellasaude.com.br\/index.php?rest_route=\/wp\/v2\/types\/page"}],"author":[{"embeddable":true,"href":"https:\/\/ellasaude.com.br\/index.php?rest_route=\/wp\/v2\/users\/8"}],"replies":[{"embeddable":true,"href":"https:\/\/ellasaude.com.br\/index.php?rest_route=%2Fwp%2Fv2%2Fcomments&post=3530"}],"version-history":[{"count":0,"href":"https:\/\/ellasaude.com.br\/index.php?rest_route=\/wp\/v2\/pages\/3530\/revisions"}],"wp:attachment":[{"href":"https:\/\/ellasaude.com.br\/index.php?rest_route=%2Fwp%2Fv2%2Fmedia&parent=3530"}],"curies":[{"name":"wp","href":"https:\/\/api.w.org\/{rel}","templated":true}]}}