{"id":3521,"date":"2021-05-17T15:35:44","date_gmt":"2021-05-17T18:35:44","guid":{"rendered":"http:\/\/107.23.6.187\/?page_id=3521"},"modified":"2021-05-17T15:37:12","modified_gmt":"2021-05-17T18:37:12","slug":"inseminacao-intrauterina","status":"publish","type":"page","link":"https:\/\/ellasaude.com.br\/?page_id=3521","title":{"rendered":"Insemina\u00e7\u00e3o intrauterina"},"content":{"rendered":"\t\t<div data-elementor-type=\"wp-page\" data-elementor-id=\"3521\" class=\"elementor elementor-3521\">\n\t\t\t\t\t\t<section class=\"elementor-section elementor-top-section elementor-element elementor-element-10a779c elementor-section-boxed elementor-section-height-default elementor-section-height-default exad-glass-effect-no exad-sticky-section-no\" data-id=\"10a779c\" data-element_type=\"section\" data-e-type=\"section\">\n\t\t\t\t\t\t<div class=\"elementor-container elementor-column-gap-default\">\n\t\t\t\t\t<div class=\"elementor-column elementor-col-50 elementor-top-column elementor-element elementor-element-6a17fca8 exad-glass-effect-no exad-sticky-section-no\" data-id=\"6a17fca8\" data-element_type=\"column\" data-e-type=\"column\" data-settings=\"{&quot;animation&quot;:&quot;none&quot;}\">\n\t\t\t<div class=\"elementor-widget-wrap elementor-element-populated\">\n\t\t\t\t\t\t<div class=\"elementor-element elementor-element-5e0e3275 animated-slow exad-sticky-section-no exad-glass-effect-no elementor-invisible elementor-widget elementor-widget-image\" data-id=\"5e0e3275\" data-element_type=\"widget\" data-e-type=\"widget\" data-settings=\"{&quot;_animation&quot;:&quot;fadeIn&quot;}\" data-widget_type=\"image.default\">\n\t\t\t\t<div class=\"elementor-widget-container\">\n\t\t\t\t\t\t\t\t\t\t\t\t\t\t\t<img fetchpriority=\"high\" decoding=\"async\" width=\"1200\" height=\"800\" src=\"https:\/\/ellasaude.com.br\/wp-content\/uploads\/2021\/04\/x0917638001510567784.jpg.pagespeed.ic_.HC6-cnGvuA.jpg\" class=\"attachment-full size-full wp-image-1466\" alt=\"\" srcset=\"https:\/\/ellasaude.com.br\/wp-content\/uploads\/2021\/04\/x0917638001510567784.jpg.pagespeed.ic_.HC6-cnGvuA.jpg 1200w, https:\/\/ellasaude.com.br\/wp-content\/uploads\/2021\/04\/x0917638001510567784.jpg.pagespeed.ic_.HC6-cnGvuA-300x200.jpg 300w, https:\/\/ellasaude.com.br\/wp-content\/uploads\/2021\/04\/x0917638001510567784.jpg.pagespeed.ic_.HC6-cnGvuA-1024x683.jpg 1024w, https:\/\/ellasaude.com.br\/wp-content\/uploads\/2021\/04\/x0917638001510567784.jpg.pagespeed.ic_.HC6-cnGvuA-768x512.jpg 768w\" sizes=\"(max-width: 1200px) 100vw, 1200px\" \/>\t\t\t\t\t\t\t\t\t\t\t\t\t\t\t<\/div>\n\t\t\t\t<\/div>\n\t\t\t\t<div class=\"elementor-element elementor-element-6bcb7f1c animated-slow exad-sticky-section-no exad-glass-effect-no elementor-invisible elementor-widget elementor-widget-heading\" data-id=\"6bcb7f1c\" data-element_type=\"widget\" data-e-type=\"widget\" data-settings=\"{&quot;_animation&quot;:&quot;slideInUp&quot;,&quot;_animation_mobile&quot;:&quot;fadeIn&quot;}\" data-widget_type=\"heading.default\">\n\t\t\t\t<div class=\"elementor-widget-container\">\n\t\t\t\t\t<h3 class=\"elementor-heading-title elementor-size-default\">Tratamentos<\/h3>\t\t\t\t<\/div>\n\t\t\t\t<\/div>\n\t\t\t\t<div class=\"elementor-element elementor-element-4f9f65d3 animated-slow exad-sticky-section-no exad-glass-effect-no elementor-invisible elementor-widget elementor-widget-heading\" data-id=\"4f9f65d3\" data-element_type=\"widget\" data-e-type=\"widget\" data-settings=\"{&quot;_animation&quot;:&quot;slideInUp&quot;,&quot;_animation_mobile&quot;:&quot;fadeIn&quot;}\" data-widget_type=\"heading.default\">\n\t\t\t\t<div class=\"elementor-widget-container\">\n\t\t\t\t\t<h2 class=\"elementor-heading-title elementor-size-default\">Insemina\u00e7\u00e3o intrauterina<\/h2>\t\t\t\t<\/div>\n\t\t\t\t<\/div>\n\t\t\t\t<div class=\"elementor-element elementor-element-4a6e800 animated-slow elementor-widget-divider--view-line exad-sticky-section-no exad-glass-effect-no elementor-invisible elementor-widget elementor-widget-divider\" data-id=\"4a6e800\" data-element_type=\"widget\" data-e-type=\"widget\" data-settings=\"{&quot;_animation&quot;:&quot;fadeInUp&quot;}\" data-widget_type=\"divider.default\">\n\t\t\t\t<div class=\"elementor-widget-container\">\n\t\t\t\t\t\t\t<div class=\"elementor-divider\">\n\t\t\t<span class=\"elementor-divider-separator\">\n\t\t\t\t\t\t<\/span>\n\t\t<\/div>\n\t\t\t\t\t\t<\/div>\n\t\t\t\t<\/div>\n\t\t\t\t<section class=\"elementor-section elementor-inner-section elementor-element elementor-element-60a509c3 elementor-section-boxed elementor-section-height-default elementor-section-height-default exad-glass-effect-no exad-sticky-section-no\" data-id=\"60a509c3\" data-element_type=\"section\" data-e-type=\"section\">\n\t\t\t\t\t\t<div class=\"elementor-container elementor-column-gap-default\">\n\t\t\t\t\t<div class=\"elementor-column elementor-col-100 elementor-inner-column elementor-element elementor-element-108b857c exad-glass-effect-no exad-sticky-section-no\" data-id=\"108b857c\" data-element_type=\"column\" data-e-type=\"column\">\n\t\t\t<div class=\"elementor-widget-wrap elementor-element-populated\">\n\t\t\t\t\t\t<div class=\"elementor-element elementor-element-dc7930c animated-slow exad-sticky-section-no exad-glass-effect-no elementor-invisible elementor-widget elementor-widget-text-editor\" data-id=\"dc7930c\" data-element_type=\"widget\" data-e-type=\"widget\" data-settings=\"{&quot;_animation&quot;:&quot;slideInUp&quot;,&quot;_animation_mobile&quot;:&quot;fadeIn&quot;}\" data-widget_type=\"text-editor.default\">\n\t\t\t\t<div class=\"elementor-widget-container\">\n\t\t\t\t\t\t\t\t\t<p>A Insemina\u00e7\u00e3o Intrauterina otimiza o processo reprodutivo, induzindo a ovula\u00e7\u00e3o e preparando o s\u00eamen que ser\u00e1 colocado dentro do \u00fatero. Ela \u00e9 indicada para homens com altera\u00e7\u00f5es leves na concentra\u00e7\u00e3o, forma ou motilidade dos espermatozoides, pacientes com tubas normais e pessoas que apresentem infertilidade sem causa aparente.<\/p><p>A Insemina\u00e7\u00e3o Intrauterina \u00e9 dividida em duas etapas: primeiro \u00e9 realizada a indu\u00e7\u00e3o da ovula\u00e7\u00e3o, com o na rela\u00e7\u00e3o sexual programada.<\/p><p>No in\u00edcio de ciclo menstrual, s\u00e3o \u201crecrutados\u201d alguns \u00f3vulos do ov\u00e1rio, no entanto, em geral, somente um deles ir\u00e1 se desenvolver.<\/p><p>A indu\u00e7\u00e3o da ovula\u00e7\u00e3o consiste no est\u00edmulo com medicamentos do crescimento daqueles \u00f3vulos que seriam \u201cjogados fora\u201d se n\u00e3o fossem estimulados e o controle deste crescimento \u00e9 realizado atrav\u00e9s de controle ultrassonogr\u00e1fico do tamanho dos fol\u00edculos, que s\u00e3o as bolsinhas que cont\u00e9m os \u00f3vulos s\u00e3o vis\u00edveis ao ultrassom.<\/p><p>J\u00e1 a segunda etapa \u00e9 a prepara\u00e7\u00e3o do s\u00eamen, utilizando algumas t\u00e9cnicas como centrifuga\u00e7\u00e3o, swin up ou gradiente de percoll. A escolha da t\u00e9cnica utilizada vai depender da contagem e motilidade dos espermatozoides no s\u00eamen. Ap\u00f3s esta etapa, o s\u00eamen \u00e9 colocado dentro da cavidade uterina atrav\u00e9s de um cateter male\u00e1vel introduzido pela vagina.<\/p><p>Vale lembrar que o procedimento \u00e9 indolor, como se fosse uma coleta de Papanicolau.<\/p>\t\t\t\t\t\t\t\t<\/div>\n\t\t\t\t<\/div>\n\t\t\t\t\t<\/div>\n\t\t<\/div>\n\t\t\t\t\t<\/div>\n\t\t<\/section>\n\t\t\t\t\t<\/div>\n\t\t<\/div>\n\t\t\t\t<div class=\"elementor-column elementor-col-50 elementor-top-column elementor-element elementor-element-2add52b exad-glass-effect-no exad-sticky-section-no\" data-id=\"2add52b\" data-element_type=\"column\" data-e-type=\"column\">\n\t\t\t<div class=\"elementor-widget-wrap elementor-element-populated\">\n\t\t\t\t\t\t<div class=\"elementor-element elementor-element-4d8e953 exad-sticky-section-no exad-glass-effect-no elementor-widget elementor-widget-sidebar\" data-id=\"4d8e953\" data-element_type=\"widget\" data-e-type=\"widget\" data-widget_type=\"sidebar.default\">\n\t\t\t\t<div class=\"elementor-widget-container\">\n\t\t\t\t\t<div id=\"search-2\" class=\"sidebar-box widget_search clr\">\n<form aria-label=\"Pesquisar neste site\" role=\"search\" method=\"get\" class=\"searchform\" action=\"https:\/\/ellasaude.com.br\/\">\t\n\t<input aria-label=\"Inserir consulta de pesquisa\" type=\"search\" id=\"ocean-search-form-1\" class=\"field\" autocomplete=\"off\" placeholder=\"Pesquisar\" name=\"s\">\n\t\t<\/form>\n<\/div>\n\t\t<div id=\"recent-posts-2\" class=\"sidebar-box widget_recent_entries clr\">\n\t\t<h4 class=\"widget-title\">Posts recentes<\/h4>\n\t\t<ul>\n\t\t\t\t\t\t\t\t\t\t\t<li>\n\t\t\t\t\t<a href=\"https:\/\/ellasaude.com.br\/?p=8139\">Maternidade adiada?<\/a>\n\t\t\t\t\t\t\t\t\t<\/li>\n\t\t\t\t\t\t\t\t\t\t\t<li>\n\t\t\t\t\t<a href=\"https:\/\/ellasaude.com.br\/?p=8136\">Vencendo a Dor Vaginal na Menopausa: Dicas para um Al\u00edvio Eficaz<\/a>\n\t\t\t\t\t\t\t\t\t<\/li>\n\t\t\t\t\t\t\t\t\t\t\t<li>\n\t\t\t\t\t<a href=\"https:\/\/ellasaude.com.br\/?p=8132\">Menopausa: Desvendando os Mist\u00e9rios dessa Nova Fase da Vida<\/a>\n\t\t\t\t\t\t\t\t\t<\/li>\n\t\t\t\t\t\t\t\t\t\t\t<li>\n\t\t\t\t\t<a href=\"https:\/\/ellasaude.com.br\/?p=8064\">Empresas brasileiras oferecem congelamento de \u00f3vulos como benef\u00edcio para suas funcion\u00e1rias<\/a>\n\t\t\t\t\t\t\t\t\t<\/li>\n\t\t\t\t\t\t\t\t\t\t\t<li>\n\t\t\t\t\t<a href=\"https:\/\/ellasaude.com.br\/?p=7789\">Os Perigos da Dengue Durante a Gravidez<\/a>\n\t\t\t\t\t\t\t\t\t<\/li>\n\t\t\t\t\t<\/ul>\n\n\t\t<\/div><div id=\"ocean_custom_menu-2\" class=\"sidebar-box widget-oceanwp-custom-menu custom-menu-widget clr\"><h4 class=\"widget-title\">Sa\u00fade Feminina<\/h4><div class=\"oceanwp-custom-menu clr ocean_custom_menu-2 left dropdown-hover\"><ul id=\"menu-saude-feminina\" class=\"dropdown-menu sf-menu\"><li  id=\"menu-item-4830\" class=\"menu-item menu-item-type-post_type menu-item-object-page menu-item-4830\"><a href=\"https:\/\/ellasaude.com.br\/?page_id=3676\" class=\"menu-link\">Pr\u00e9-natal<\/a><\/li>\n<li  id=\"menu-item-2122\" class=\"menu-item menu-item-type-post_type menu-item-object-page menu-item-2122\"><a href=\"https:\/\/ellasaude.com.br\/?page_id=1770\" class=\"menu-link\">Sa\u00fade da mulher<\/a><\/li>\n<li  id=\"menu-item-2124\" class=\"menu-item menu-item-type-post_type menu-item-object-page menu-item-2124\"><a href=\"https:\/\/ellasaude.com.br\/?page_id=1415\" class=\"menu-link\">Tratamentos<\/a><\/li>\n<li  id=\"menu-item-2121\" class=\"menu-item menu-item-type-post_type menu-item-object-page menu-item-2121\"><a href=\"https:\/\/ellasaude.com.br\/?page_id=1952\" class=\"menu-link\">Centro diagn\u00f3stico<\/a><\/li>\n<\/ul><\/div><\/div>\t\t\t\t<\/div>\n\t\t\t\t<\/div>\n\t\t\t\t\t<\/div>\n\t\t<\/div>\n\t\t\t\t\t<\/div>\n\t\t<\/section>\n\t\t\t\t<section class=\"elementor-section elementor-top-section elementor-element elementor-element-58c4af81 elementor-section-boxed elementor-section-height-default elementor-section-height-default exad-glass-effect-no exad-sticky-section-no elementor-invisible\" data-id=\"58c4af81\" data-element_type=\"section\" data-e-type=\"section\" data-settings=\"{&quot;background_background&quot;:&quot;classic&quot;,&quot;animation&quot;:&quot;fadeIn&quot;}\">\n\t\t\t\t\t\t<div class=\"elementor-container elementor-column-gap-default\">\n\t\t\t\t\t\t<\/div>\n\t\t<\/section>\n\t\t\t\t<\/div>\n\t\t","protected":false},"excerpt":{"rendered":"<p>Tratamentos Insemina\u00e7\u00e3o intrauterina A Insemina\u00e7\u00e3o Intrauterina otimiza o processo reprodutivo, induzindo a ovula\u00e7\u00e3o e preparando o s\u00eamen que ser\u00e1 colocado dentro do \u00fatero. Ela \u00e9 indicada para homens com altera\u00e7\u00f5es leves na concentra\u00e7\u00e3o, forma ou motilidade dos espermatozoides, pacientes com tubas normais e pessoas que apresentem infertilidade sem causa aparente. A Insemina\u00e7\u00e3o Intrauterina \u00e9 dividida [&hellip;]<\/p>\n","protected":false},"author":8,"featured_media":0,"parent":0,"menu_order":0,"comment_status":"closed","ping_status":"closed","template":"elementor_header_footer","meta":{"ocean_post_layout":"","ocean_both_sidebars_style":"","ocean_both_sidebars_content_width":0,"ocean_both_sidebars_sidebars_width":0,"ocean_sidebar":"0","ocean_second_sidebar":"0","ocean_disable_margins":"enable","ocean_add_body_class":"","ocean_shortcode_before_top_bar":"","ocean_shortcode_after_top_bar":"","ocean_shortcode_before_header":"","ocean_shortcode_after_header":"","ocean_has_shortcode":"","ocean_shortcode_after_title":"","ocean_shortcode_before_footer_widgets":"","ocean_shortcode_after_footer_widgets":"","ocean_shortcode_before_footer_bottom":"","ocean_shortcode_after_footer_bottom":"","ocean_display_top_bar":"default","ocean_display_header":"default","ocean_header_style":"","ocean_center_header_left_menu":"0","ocean_custom_header_template":"0","ocean_custom_logo":0,"ocean_custom_retina_logo":0,"ocean_custom_logo_max_width":0,"ocean_custom_logo_tablet_max_width":0,"ocean_custom_logo_mobile_max_width":0,"ocean_custom_logo_max_height":0,"ocean_custom_logo_tablet_max_height":0,"ocean_custom_logo_mobile_max_height":0,"ocean_header_custom_menu":"0","ocean_menu_typo_font_family":"0","ocean_menu_typo_font_subset":"","ocean_menu_typo_font_size":0,"ocean_menu_typo_font_size_tablet":0,"ocean_menu_typo_font_size_mobile":0,"ocean_menu_typo_font_size_unit":"px","ocean_menu_typo_font_weight":"","ocean_menu_typo_font_weight_tablet":"","ocean_menu_typo_font_weight_mobile":"","ocean_menu_typo_transform":"","ocean_menu_typo_transform_tablet":"","ocean_menu_typo_transform_mobile":"","ocean_menu_typo_line_height":0,"ocean_menu_typo_line_height_tablet":0,"ocean_menu_typo_line_height_mobile":0,"ocean_menu_typo_line_height_unit":"","ocean_menu_typo_spacing":0,"ocean_menu_typo_spacing_tablet":0,"ocean_menu_typo_spacing_mobile":0,"ocean_menu_typo_spacing_unit":"","ocean_menu_link_color":"","ocean_menu_link_color_hover":"","ocean_menu_link_color_active":"","ocean_menu_link_background":"","ocean_menu_link_hover_background":"","ocean_menu_link_active_background":"","ocean_menu_social_links_bg":"","ocean_menu_social_hover_links_bg":"","ocean_menu_social_links_color":"","ocean_menu_social_hover_links_color":"","ocean_disable_title":"default","ocean_disable_heading":"default","ocean_post_title":"","ocean_post_subheading":"","ocean_post_title_style":"","ocean_post_title_background_color":"","ocean_post_title_background":0,"ocean_post_title_bg_image_position":"","ocean_post_title_bg_image_attachment":"","ocean_post_title_bg_image_repeat":"","ocean_post_title_bg_image_size":"","ocean_post_title_height":0,"ocean_post_title_bg_overlay":0.5,"ocean_post_title_bg_overlay_color":"","ocean_disable_breadcrumbs":"default","ocean_breadcrumbs_color":"","ocean_breadcrumbs_separator_color":"","ocean_breadcrumbs_links_color":"","ocean_breadcrumbs_links_hover_color":"","ocean_display_footer_widgets":"default","ocean_display_footer_bottom":"default","ocean_custom_footer_template":"0","_joinchat":[],"footnotes":""},"class_list":["post-3521","page","type-page","status-publish","hentry","entry"],"_links":{"self":[{"href":"https:\/\/ellasaude.com.br\/index.php?rest_route=\/wp\/v2\/pages\/3521","targetHints":{"allow":["GET"]}}],"collection":[{"href":"https:\/\/ellasaude.com.br\/index.php?rest_route=\/wp\/v2\/pages"}],"about":[{"href":"https:\/\/ellasaude.com.br\/index.php?rest_route=\/wp\/v2\/types\/page"}],"author":[{"embeddable":true,"href":"https:\/\/ellasaude.com.br\/index.php?rest_route=\/wp\/v2\/users\/8"}],"replies":[{"embeddable":true,"href":"https:\/\/ellasaude.com.br\/index.php?rest_route=%2Fwp%2Fv2%2Fcomments&post=3521"}],"version-history":[{"count":0,"href":"https:\/\/ellasaude.com.br\/index.php?rest_route=\/wp\/v2\/pages\/3521\/revisions"}],"wp:attachment":[{"href":"https:\/\/ellasaude.com.br\/index.php?rest_route=%2Fwp%2Fv2%2Fmedia&parent=3521"}],"curies":[{"name":"wp","href":"https:\/\/api.w.org\/{rel}","templated":true}]}}